{"id":174,"date":"2023-05-26T14:47:39","date_gmt":"2023-05-26T14:47:39","guid":{"rendered":"http:\/\/partnercomagency.com\/?page_id=174"},"modified":"2023-08-21T11:02:32","modified_gmt":"2023-08-21T11:02:32","slug":"qui-som","status":"publish","type":"page","link":"https:\/\/partnercomagency.com\/es\/qui-som\/","title":{"rendered":"NOSOTROS"},"content":{"rendered":"<div class=\"wp-block-cover alignfull has-parallax\" style=\"min-height:700px;aspect-ratio:unset;\"><span aria-hidden=\"true\" class=\"wp-block-cover__background has-background-dim-20 has-background-dim\"><\/span><div role=\"img\" class=\"wp-block-cover__image-background wp-image-246 has-parallax\" style=\"background-position:50% 50%;background-image:url(http:\/\/partnercomagency.com\/wp-content\/uploads\/2023\/05\/matteo-vistocco-Dph00R2SwFo-unsplash-1-scaled.jpg)\"><\/div><div class=\"wp-block-cover__inner-container is-layout-flow wp-block-cover-is-layout-flow\">\n<p class=\"has-text-align-center has-white-color has-text-color has-medium-font-size\" style=\"letter-spacing:1px\"><strong>Partnercom es tu agencia de comunicaci\u00f3n y marketing de confianza. Remamos juntos para potenciar tu negocio<\/strong><\/p>\n\n\n\n<div class=\"wp-block-buttons is-content-justification-center is-layout-flex wp-container-core-buttons-is-layout-16018d1d wp-block-buttons-is-layout-flex\">\n<div class=\"wp-block-button has-custom-font-size is-style-fill has-small-font-size\"><a class=\"wp-block-button__link has-white-color has-luminous-vivid-amber-background-color has-text-color has-background wp-element-button\" href=\"https:\/\/partnercomagency.com\/es\/contacte\/\" style=\"border-radius:100px\"><strong>CONT\u00c1CTANOS<\/strong><\/a><\/div>\n<\/div>\n<\/div><\/div>\n\n\n\n<div style=\"height:50px\" aria-hidden=\"true\" class=\"wp-block-spacer\"><\/div>\n\n\n\n<div class=\"wp-block-group\"><div class=\"wp-block-group__inner-container is-layout-constrained wp-block-group-is-layout-constrained\">\n<h2 class=\"wp-block-heading has-text-align-center\">EQUIPO<\/h2>\n<\/div><\/div>\n\n\n\n<p class=\"has-text-align-center\">Partnercom est\u00e1 formado por un equipo de periodistas y comunicadores especializados en el \u00e1rea de marketing.<\/p>\n\n\n\n<div style=\"height:50px\" aria-hidden=\"true\" class=\"wp-block-spacer\"><\/div>\n\n\n\n<div class=\"wp-block-columns is-layout-flex wp-container-core-columns-is-layout-9d6595d7 wp-block-columns-is-layout-flex\">\n<div class=\"wp-block-column is-layout-flow wp-block-column-is-layout-flow\">\n<p class=\"has-text-align-center\"><strong>PA <\/strong>es <strong>P<\/strong>asi\u00f3n y <strong>A<\/strong>dmiraci\u00f3n por la comunicaci\u00f3n y el marketing. Por eso, nos describimos c\u00f3mo <strong>unos amantes de comunicar.<\/strong><\/p>\n<\/div>\n\n\n\n<div class=\"wp-block-column is-layout-flow wp-block-column-is-layout-flow\">\n<p class=\"has-text-align-center translation-block\">Con <strong>experiencia en distintos sectores y tipolog\u00edas de clientes<\/strong>, nos caracteriza una visi\u00f3n joven y actualizada del mundo digital.<\/p>\n<\/div>\n\n\n\n<div class=\"wp-block-column has-white-background-color has-background is-layout-flow wp-block-column-is-layout-flow\">\n<p class=\"has-text-align-center\">Nuestra filosof\u00eda se basa en tener una buena comunicaci\u00f3n de marca para conseguir <strong>mejorar la visibilidad y reputaci\u00f3n del negocio.<\/strong><\/p>\n<\/div>\n<\/div>\n\n\n\n<div style=\"height:50px\" aria-hidden=\"true\" class=\"wp-block-spacer\"><\/div>\n\n\n\n<h2 class=\"wp-block-heading has-text-align-center\">VALORES<\/h2>\n\n\n\n<div class=\"wp-block-cover alignfull\"><span aria-hidden=\"true\" class=\"wp-block-cover__background has-background-dim-80 has-background-dim\"><\/span><img loading=\"lazy\" decoding=\"async\" width=\"2560\" height=\"1707\" class=\"wp-block-cover__image-background wp-image-674\" alt=\"\" src=\"http:\/\/partnercomagency.com\/wp-content\/uploads\/2023\/06\/pexels-diva-plavalaguna-6147365-2-scaled.jpg\" data-object-fit=\"cover\" srcset=\"https:\/\/partnercomagency.com\/wp-content\/uploads\/2023\/06\/pexels-diva-plavalaguna-6147365-2-scaled.jpg 2560w, https:\/\/partnercomagency.com\/wp-content\/uploads\/2023\/06\/pexels-diva-plavalaguna-6147365-2-300x200.jpg 300w, https:\/\/partnercomagency.com\/wp-content\/uploads\/2023\/06\/pexels-diva-plavalaguna-6147365-2-1024x683.jpg 1024w, https:\/\/partnercomagency.com\/wp-content\/uploads\/2023\/06\/pexels-diva-plavalaguna-6147365-2-768x512.jpg 768w, https:\/\/partnercomagency.com\/wp-content\/uploads\/2023\/06\/pexels-diva-plavalaguna-6147365-2-1536x1024.jpg 1536w, https:\/\/partnercomagency.com\/wp-content\/uploads\/2023\/06\/pexels-diva-plavalaguna-6147365-2-2048x1365.jpg 2048w, https:\/\/partnercomagency.com\/wp-content\/uploads\/2023\/06\/pexels-diva-plavalaguna-6147365-2-2000x1333.jpg 2000w\" sizes=\"auto, (max-width: 2560px) 100vw, 2560px\" \/><div class=\"wp-block-cover__inner-container is-layout-flow wp-block-cover-is-layout-flow\">\n<p class=\"has-text-align-center has-large-font-size\">&nbsp;<\/p>\n\n\n\n<div class=\"wp-block-columns is-layout-flex wp-container-core-columns-is-layout-9d6595d7 wp-block-columns-is-layout-flex\">\n<div class=\"wp-block-column is-layout-flow wp-block-column-is-layout-flow\">\n<blockquote class=\"wp-block-quote is-layout-flow wp-block-quote-is-layout-flow\">\n<h3 class=\"wp-block-heading has-white-color has-text-color\">PASI\u00d3N<\/h3>\n<\/blockquote>\n<\/div>\n\n\n\n<div class=\"wp-block-column is-layout-flow wp-block-column-is-layout-flow\">\n<blockquote class=\"wp-block-quote is-layout-flow wp-block-quote-is-layout-flow\">\n<h3 class=\"wp-block-heading has-white-color has-text-color\">COMPROMISO<\/h3>\n<\/blockquote>\n<\/div>\n\n\n\n<div class=\"wp-block-column is-layout-flow wp-block-column-is-layout-flow\">\n<blockquote class=\"wp-block-quote is-layout-flow wp-block-quote-is-layout-flow\">\n<h3 class=\"wp-block-heading has-white-color has-text-color\">PROFESIONALIDAD<\/h3>\n<\/blockquote>\n<\/div>\n<\/div>\n<\/div><\/div>\n\n\n\n<div style=\"height:50px\" aria-hidden=\"true\" class=\"wp-block-spacer\"><\/div>\n\n\n\n<p class=\"has-text-align-center has-medium-font-size\"><strong>Nos adaptamos a ti y a tus necesidades<\/strong>, por eso somos tu departamento de comunicaci\u00f3n y marketing de confianza.<\/p>\n\n\n\n<div style=\"height:50px\" aria-hidden=\"true\" class=\"wp-block-spacer\"><\/div>\n\n\n\n<div class=\"wp-block-cover alignfull has-parallax is-position-center-center\" style=\"min-height:375px;aspect-ratio:unset;\"><span aria-hidden=\"true\" class=\"wp-block-cover__background has-black-background-color has-background-dim-70 has-background-dim\"><\/span><div role=\"img\" class=\"wp-block-cover__image-background wp-image-24 has-parallax\" style=\"background-position:50% 50%;background-image:url(http:\/\/partnercomagency.com\/wp-content\/themes\/inspiro\/assets\/images\/StockSnap_89BQZ89TLH.jpg)\"><\/div><div class=\"wp-block-cover__inner-container is-layout-flow wp-block-cover-is-layout-flow\">\n<h3 class=\"wp-block-heading has-text-align-center has-white-color has-text-color\" style=\"font-size:26px;letter-spacing:1px;text-transform:uppercase\"><strong><strong>\u00bfempezamos el viaje juntos?<\/strong><\/strong><\/h3>\n\n\n\n<p class=\"has-text-align-center has-white-color has-text-color\">Potenciaremos tu negocio.<\/p>\n\n\n\n<div class=\"wp-block-buttons is-horizontal is-content-justification-center is-layout-flex wp-container-core-buttons-is-layout-499968f5 wp-block-buttons-is-layout-flex\">\n<div class=\"wp-block-button has-custom-font-size is-style-fill has-small-font-size\"><a class=\"wp-block-button__link has-white-color has-luminous-vivid-amber-background-color has-text-color has-background wp-element-button\" href=\"https:\/\/partnercomagency.com\/es\/contacte\/\" style=\"border-radius:100px\"><strong>CONT\u00c1CTANOS<\/strong><\/a><\/div>\n<\/div>\n<\/div><\/div>","protected":false},"excerpt":{"rendered":"<p>EQUIP Partnercom est\u00e0 format per un equip de periodistes i comunicadors especialitzats en l&#8217;\u00e0rea del m\u00e0rqueting. PA \u00e9s Passi\u00f3 i Admiraci\u00f3 per la comunicaci\u00f3 i el m\u00e0rqueting. Per aix\u00f2, ens descrivim com uns amants de comunicar. Amb experi\u00e8ncia en diferents sectors i tipologies de clients, ens caracteritza una visi\u00f3 jove i actualitzada del m\u00f3n digital.&nbsp; &hellip; <\/p>\n<p class=\"link-more\"><a href=\"https:\/\/partnercomagency.com\/es\/qui-som\/\" class=\"more-link\">Leer m\u00e1s<span class=\"screen-reader-text\"> \u00abQUI SOM\u00bb<\/span><\/a><\/p>","protected":false},"author":1,"featured_media":0,"parent":0,"menu_order":0,"comment_status":"closed","ping_status":"closed","template":"","meta":{"footnotes":""},"class_list":["post-174","page","type-page","status-publish","hentry"],"yoast_head":"<!-- This site is optimized with the Yoast SEO plugin v20.8 - https:\/\/yoast.com\/wordpress\/plugins\/seo\/ -->\n<title>QUI SOM - Partnercom Agency<\/title>\n<meta name=\"description\" content=\"Som la teva ag\u00e8ncia de comunicaci\u00f3 i m\u00e0rqueting de confian\u00e7a. Amb llarga experi\u00e8ncia en el m\u00f3n digital, volem fer cr\u00e9ixer la teva marca.\" \/>\n<meta name=\"robots\" content=\"index, follow, max-snippet:-1, max-image-preview:large, max-video-preview:-1\" \/>\n<link rel=\"canonical\" href=\"https:\/\/partnercomagency.com\/es\/qui-som\/\" \/>\n<meta property=\"og:locale\" content=\"es_ES\" \/>\n<meta property=\"og:type\" content=\"article\" \/>\n<meta property=\"og:title\" content=\"QUI SOM - Partnercom Agency\" \/>\n<meta property=\"og:description\" content=\"Som la teva ag\u00e8ncia de comunicaci\u00f3 i m\u00e0rqueting de confian\u00e7a. Amb llarga experi\u00e8ncia en el m\u00f3n digital, volem fer cr\u00e9ixer la teva marca.\" \/>\n<meta property=\"og:url\" content=\"https:\/\/partnercomagency.com\/es\/qui-som\/\" \/>\n<meta property=\"og:site_name\" content=\"Partnercom Agency\" \/>\n<meta property=\"article:modified_time\" content=\"2023-08-21T11:02:32+00:00\" \/>\n<meta property=\"og:image\" content=\"http:\/\/partnercomagency.com\/wp-content\/uploads\/2023\/06\/pexels-diva-plavalaguna-6147365-2-scaled.jpg\" \/>\n<meta name=\"twitter:card\" content=\"summary_large_image\" \/>\n<meta name=\"twitter:label1\" content=\"Tiempo de lectura\" \/>\n\t<meta name=\"twitter:data1\" content=\"1 minuto\" \/>\n<script type=\"application\/ld+json\" class=\"yoast-schema-graph\">{\"@context\":\"https:\/\/schema.org\",\"@graph\":[{\"@type\":\"WebPage\",\"@id\":\"https:\/\/partnercomagency.com\/qui-som\/\",\"url\":\"https:\/\/partnercomagency.com\/qui-som\/\",\"name\":\"QUI SOM - Partnercom Agency\",\"isPartOf\":{\"@id\":\"https:\/\/partnercomagency.com\/#website\"},\"datePublished\":\"2023-05-26T14:47:39+00:00\",\"dateModified\":\"2023-08-21T11:02:32+00:00\",\"description\":\"Som la teva ag\u00e8ncia de comunicaci\u00f3 i m\u00e0rqueting de confian\u00e7a. Amb llarga experi\u00e8ncia en el m\u00f3n digital, volem fer cr\u00e9ixer la teva marca.\",\"breadcrumb\":{\"@id\":\"https:\/\/partnercomagency.com\/qui-som\/#breadcrumb\"},\"inLanguage\":\"es\",\"potentialAction\":[{\"@type\":\"ReadAction\",\"target\":[\"https:\/\/partnercomagency.com\/qui-som\/\"]}]},{\"@type\":\"BreadcrumbList\",\"@id\":\"https:\/\/partnercomagency.com\/qui-som\/#breadcrumb\",\"itemListElement\":[{\"@type\":\"ListItem\",\"position\":1,\"name\":\"Portada\",\"item\":\"https:\/\/partnercomagency.com\/\"},{\"@type\":\"ListItem\",\"position\":2,\"name\":\"QUI SOM\"}]},{\"@type\":\"WebSite\",\"@id\":\"https:\/\/partnercomagency.com\/#website\",\"url\":\"https:\/\/partnercomagency.com\/\",\"name\":\"Partnercom Agency\",\"description\":\"Ag\u00e8ncia de comunicaci\u00f3 i m\u00e0rqueting\",\"publisher\":{\"@id\":\"https:\/\/partnercomagency.com\/#organization\"},\"potentialAction\":[{\"@type\":\"SearchAction\",\"target\":{\"@type\":\"EntryPoint\",\"urlTemplate\":\"https:\/\/partnercomagency.com\/?s={search_term_string}\"},\"query-input\":\"required name=search_term_string\"}],\"inLanguage\":\"es\"},{\"@type\":\"Organization\",\"@id\":\"https:\/\/partnercomagency.com\/#organization\",\"name\":\"Partnercom Agency\",\"url\":\"https:\/\/partnercomagency.com\/\",\"logo\":{\"@type\":\"ImageObject\",\"inLanguage\":\"es\",\"@id\":\"https:\/\/partnercomagency.com\/#\/schema\/logo\/image\/\",\"url\":\"https:\/\/partnercomagency.com\/wp-content\/uploads\/2023\/05\/cropped-A-removebg-preview.png\",\"contentUrl\":\"https:\/\/partnercomagency.com\/wp-content\/uploads\/2023\/05\/cropped-A-removebg-preview.png\",\"width\":500,\"height\":301,\"caption\":\"Partnercom Agency\"},\"image\":{\"@id\":\"https:\/\/partnercomagency.com\/#\/schema\/logo\/image\/\"}}]}<\/script>\n<!-- \/ Yoast SEO plugin. -->","yoast_head_json":{"title":"QUI SOM - Partnercom Agency","description":"Som la teva ag\u00e8ncia de comunicaci\u00f3 i m\u00e0rqueting de confian\u00e7a. Amb llarga experi\u00e8ncia en el m\u00f3n digital, volem fer cr\u00e9ixer la teva marca.","robots":{"index":"index","follow":"follow","max-snippet":"max-snippet:-1","max-image-preview":"max-image-preview:large","max-video-preview":"max-video-preview:-1"},"canonical":"https:\/\/partnercomagency.com\/es\/qui-som\/","og_locale":"es_ES","og_type":"article","og_title":"QUI SOM - Partnercom Agency","og_description":"Som la teva ag\u00e8ncia de comunicaci\u00f3 i m\u00e0rqueting de confian\u00e7a. Amb llarga experi\u00e8ncia en el m\u00f3n digital, volem fer cr\u00e9ixer la teva marca.","og_url":"https:\/\/partnercomagency.com\/es\/qui-som\/","og_site_name":"Partnercom Agency","article_modified_time":"2023-08-21T11:02:32+00:00","og_image":[{"url":"http:\/\/partnercomagency.com\/wp-content\/uploads\/2023\/06\/pexels-diva-plavalaguna-6147365-2-scaled.jpg"}],"twitter_card":"summary_large_image","twitter_misc":{"Tiempo de lectura":"1 minuto"},"schema":{"@context":"https:\/\/schema.org","@graph":[{"@type":"WebPage","@id":"https:\/\/partnercomagency.com\/qui-som\/","url":"https:\/\/partnercomagency.com\/qui-som\/","name":"QUI SOM - Partnercom Agency","isPartOf":{"@id":"https:\/\/partnercomagency.com\/#website"},"datePublished":"2023-05-26T14:47:39+00:00","dateModified":"2023-08-21T11:02:32+00:00","description":"Som la teva ag\u00e8ncia de comunicaci\u00f3 i m\u00e0rqueting de confian\u00e7a. Amb llarga experi\u00e8ncia en el m\u00f3n digital, volem fer cr\u00e9ixer la teva marca.","breadcrumb":{"@id":"https:\/\/partnercomagency.com\/qui-som\/#breadcrumb"},"inLanguage":"es","potentialAction":[{"@type":"ReadAction","target":["https:\/\/partnercomagency.com\/qui-som\/"]}]},{"@type":"BreadcrumbList","@id":"https:\/\/partnercomagency.com\/qui-som\/#breadcrumb","itemListElement":[{"@type":"ListItem","position":1,"name":"Portada","item":"https:\/\/partnercomagency.com\/"},{"@type":"ListItem","position":2,"name":"QUI SOM"}]},{"@type":"WebSite","@id":"https:\/\/partnercomagency.com\/#website","url":"https:\/\/partnercomagency.com\/","name":"Partnercom Agency","description":"Ag\u00e8ncia de comunicaci\u00f3 i m\u00e0rqueting","publisher":{"@id":"https:\/\/partnercomagency.com\/#organization"},"potentialAction":[{"@type":"SearchAction","target":{"@type":"EntryPoint","urlTemplate":"https:\/\/partnercomagency.com\/?s={search_term_string}"},"query-input":"required name=search_term_string"}],"inLanguage":"es"},{"@type":"Organization","@id":"https:\/\/partnercomagency.com\/#organization","name":"Partnercom Agency","url":"https:\/\/partnercomagency.com\/","logo":{"@type":"ImageObject","inLanguage":"es","@id":"https:\/\/partnercomagency.com\/#\/schema\/logo\/image\/","url":"https:\/\/partnercomagency.com\/wp-content\/uploads\/2023\/05\/cropped-A-removebg-preview.png","contentUrl":"https:\/\/partnercomagency.com\/wp-content\/uploads\/2023\/05\/cropped-A-removebg-preview.png","width":500,"height":301,"caption":"Partnercom Agency"},"image":{"@id":"https:\/\/partnercomagency.com\/#\/schema\/logo\/image\/"}}]}},"_links":{"self":[{"href":"https:\/\/partnercomagency.com\/es\/wp-json\/wp\/v2\/pages\/174","targetHints":{"allow":["GET"]}}],"collection":[{"href":"https:\/\/partnercomagency.com\/es\/wp-json\/wp\/v2\/pages"}],"about":[{"href":"https:\/\/partnercomagency.com\/es\/wp-json\/wp\/v2\/types\/page"}],"author":[{"embeddable":true,"href":"https:\/\/partnercomagency.com\/es\/wp-json\/wp\/v2\/users\/1"}],"replies":[{"embeddable":true,"href":"https:\/\/partnercomagency.com\/es\/wp-json\/wp\/v2\/comments?post=174"}],"version-history":[{"count":32,"href":"https:\/\/partnercomagency.com\/es\/wp-json\/wp\/v2\/pages\/174\/revisions"}],"predecessor-version":[{"id":812,"href":"https:\/\/partnercomagency.com\/es\/wp-json\/wp\/v2\/pages\/174\/revisions\/812"}],"wp:attachment":[{"href":"https:\/\/partnercomagency.com\/es\/wp-json\/wp\/v2\/media?parent=174"}],"curies":[{"name":"wp","href":"https:\/\/api.w.org\/{rel}","templated":true}]}}