{"id":178,"date":"2023-05-26T14:49:45","date_gmt":"2023-05-26T14:49:45","guid":{"rendered":"http:\/\/partnercomagency.com\/?page_id=178"},"modified":"2023-08-21T11:00:51","modified_gmt":"2023-08-21T11:00:51","slug":"home","status":"publish","type":"page","link":"https:\/\/partnercomagency.com\/es\/","title":{"rendered":"HOME"},"content":{"rendered":"<div class=\"wp-block-columns is-layout-flex wp-container-core-columns-is-layout-9d6595d7 wp-block-columns-is-layout-flex\">\n<div class=\"wp-block-column is-layout-flow wp-block-column-is-layout-flow\" style=\"flex-basis:100%\">\n<div class=\"wp-block-group\"><div class=\"wp-block-group__inner-container is-layout-flow wp-block-group-is-layout-flow\">\n<h1 class=\"wp-block-heading has-text-align-center has-large-font-size\">Tu agencia de comunicaci\u00f3n y marketing de confianza<\/h1>\n\n\n\n<p class=\"has-text-align-center\">Especializados en empresas medianas y peque\u00f1os negocios, nos encargamos de tu estrategia de comunicaci\u00f3n y de marketing digital<\/p>\n\n\n\n<div class=\"wp-block-buttons has-custom-font-size has-small-font-size is-horizontal is-content-justification-center is-layout-flex wp-container-core-buttons-is-layout-937ffba9 wp-block-buttons-is-layout-flex\">\n<div class=\"wp-block-button has-custom-font-size is-style-fill has-small-font-size\"><a class=\"wp-block-button__link has-white-color has-text-color has-background wp-element-button\" href=\"https:\/\/partnercomagency.com\/es\/contacte\/\" style=\"border-radius:100px;background-color:#fbbe14\"><strong>Cont\u00e1ctanos<\/strong><\/a><\/div>\n<\/div>\n<\/div><\/div>\n<\/div>\n<\/div>\n\n\n\n<div style=\"height:55px\" aria-hidden=\"true\" class=\"wp-block-spacer\"><\/div>\n\n\n\n<div class=\"wp-block-group alignfull has-background\" style=\"background-color:#fcb90075\"><div class=\"wp-block-group__inner-container is-layout-flow wp-block-group-is-layout-flow\">\n<h2 class=\"wp-block-heading has-text-align-center\">NOSOTROS<\/h2>\n\n\n\n<p class=\"has-text-align-center\"><strong>PA <\/strong>es <strong>P<\/strong>asi\u00f3n y <strong>A<\/strong>dmiraci\u00f3n por la comunicaci\u00f3n y el marketing. Por eso, nos describimos c\u00f3mo <strong>unos amantes de comunicar.<\/strong><br>Somos un equipo de periodistas y comunicadores especializados en el \u00e1rea del marketing digital.<br>Nuestra filosof\u00eda se basa en tener una buena comunicaci\u00f3n de marca para conseguir <strong>mejorar la visibilidad y reputaci\u00f3n del negocio.<\/strong><br>Queremos ser tu agencia de comunicaci\u00f3n y marketing de confianza. Queremos ser el partner que te ayude a subir de nivel tu negocio.<br><strong>\u00bfEmpezamos?<\/strong><\/p>\n\n\n\n<div class=\"wp-block-buttons is-content-justification-center is-layout-flex wp-container-core-buttons-is-layout-28206b41 wp-block-buttons-is-layout-flex\">\n<div class=\"wp-block-button has-custom-font-size is-style-fill has-small-font-size\"><a class=\"wp-block-button__link has-white-color has-luminous-vivid-amber-background-color has-text-color has-background has-text-align-center wp-element-button\" href=\"https:\/\/partnercomagency.com\/es\/qui-som\/\" style=\"border-radius:100px\"><strong>CON\u00d3CENOS<\/strong><\/a><\/div>\n<\/div>\n\n\n\n<div style=\"height:50px\" aria-hidden=\"true\" class=\"wp-block-spacer\"><\/div>\n\n\n\n<div class=\"wp-block-cover aligncenter is-light\"><span aria-hidden=\"true\" class=\"wp-block-cover__background has-background-dim\"><\/span><img loading=\"lazy\" decoding=\"async\" width=\"1024\" height=\"768\" class=\"wp-block-cover__image-background wp-image-249\" alt=\"\" src=\"http:\/\/partnercomagency.com\/wp-content\/uploads\/2023\/05\/austin-distel-mpN7xjKQ_Ns-unsplash-2-1024x768.jpg\" data-object-fit=\"cover\" srcset=\"https:\/\/partnercomagency.com\/wp-content\/uploads\/2023\/05\/austin-distel-mpN7xjKQ_Ns-unsplash-2-1024x768.jpg 1024w, https:\/\/partnercomagency.com\/wp-content\/uploads\/2023\/05\/austin-distel-mpN7xjKQ_Ns-unsplash-2-300x225.jpg 300w, https:\/\/partnercomagency.com\/wp-content\/uploads\/2023\/05\/austin-distel-mpN7xjKQ_Ns-unsplash-2-768x576.jpg 768w, https:\/\/partnercomagency.com\/wp-content\/uploads\/2023\/05\/austin-distel-mpN7xjKQ_Ns-unsplash-2-1536x1152.jpg 1536w, https:\/\/partnercomagency.com\/wp-content\/uploads\/2023\/05\/austin-distel-mpN7xjKQ_Ns-unsplash-2-2048x1536.jpg 2048w, https:\/\/partnercomagency.com\/wp-content\/uploads\/2023\/05\/austin-distel-mpN7xjKQ_Ns-unsplash-2-2000x1500.jpg 2000w\" sizes=\"auto, (max-width: 1024px) 100vw, 1024px\" \/><div class=\"wp-block-cover__inner-container is-layout-flow wp-block-cover-is-layout-flow\">\n<p class=\"has-text-align-center has-large-font-size\">&nbsp;<\/p>\n<\/div><\/div>\n\n\n\n<div style=\"height:50px\" aria-hidden=\"true\" class=\"wp-block-spacer\"><\/div>\n<\/div><\/div>\n\n\n\n<div class=\"wp-block-group alignfull has-background\" style=\"background-color:#e5e9ec\"><div class=\"wp-block-group__inner-container is-layout-flow wp-block-group-is-layout-flow\">\n<h2 class=\"wp-block-heading has-text-align-center\">SERVICIOS<\/h2>\n\n\n\n<div class=\"wp-block-columns is-layout-flex wp-container-core-columns-is-layout-9d6595d7 wp-block-columns-is-layout-flex\">\n<div class=\"wp-block-column is-layout-flow wp-block-column-is-layout-flow\">\n<div class=\"wp-block-cover alignwide is-repeated\"><span aria-hidden=\"true\" class=\"wp-block-cover__background has-background-dim\"><\/span><div role=\"img\" class=\"wp-block-cover__image-background wp-image-204 is-repeated\" style=\"background-position:50% 50%;background-image:url(http:\/\/partnercomagency.com\/wp-content\/uploads\/2023\/05\/pexels-magnus-mueller-2818118-1024x811.jpg)\"><\/div><div class=\"wp-block-cover__inner-container is-layout-flow wp-block-cover-is-layout-flow\">\n<p class=\"has-text-align-center has-medium-font-size\"><strong>Social Media<\/strong><\/p>\n\n\n\n<p class=\"has-text-align-center\">Creamos e implementamos una estrategia de Redes Sociales para dar visibilidad a tu marca.<\/p>\n\n\n\n<div class=\"wp-block-buttons is-layout-flex wp-block-buttons-is-layout-flex\">\n<div class=\"wp-block-button has-custom-width wp-block-button__width-100 has-custom-font-size is-style-fill has-small-font-size\"><a class=\"wp-block-button__link has-luminous-vivid-amber-background-color has-background wp-element-button\" href=\"https:\/\/partnercomagency.com\/es\/serveis-social-media\/\"><strong>me interesa<\/strong><\/a><\/div>\n<\/div>\n<\/div><\/div>\n<\/div>\n\n\n\n<div class=\"wp-block-column is-layout-flow wp-block-column-is-layout-flow\">\n<div class=\"wp-block-cover alignwide is-repeated\"><span aria-hidden=\"true\" class=\"wp-block-cover__background has-background-dim\"><\/span><div role=\"img\" class=\"wp-block-cover__image-background wp-image-213 is-repeated\" style=\"background-position:50% 50%;background-image:url(http:\/\/partnercomagency.com\/wp-content\/uploads\/2023\/05\/que_es_el_email_marketing.webp)\"><\/div><div class=\"wp-block-cover__inner-container is-layout-flow wp-block-cover-is-layout-flow\">\n<p class=\"has-text-align-center has-medium-font-size\"><strong>Email Marketing<\/strong><\/p>\n\n\n\n<p class=\"has-text-align-center\">Nos encargamos del dise\u00f1o y env\u00edo de Newsletters para captar y fidelizar a clientes.&nbsp;<\/p>\n\n\n\n<div class=\"wp-block-buttons is-layout-flex wp-block-buttons-is-layout-flex\">\n<div class=\"wp-block-button has-custom-width wp-block-button__width-100 has-custom-font-size has-small-font-size\"><a class=\"wp-block-button__link has-luminous-vivid-amber-background-color has-background wp-element-button\" href=\"https:\/\/partnercomagency.com\/es\/serveis-email-marketing\/\"><strong>ME INTERESA<\/strong><\/a><\/div>\n<\/div>\n<\/div><\/div>\n<\/div>\n\n\n\n<div class=\"wp-block-column is-layout-flow wp-block-column-is-layout-flow\">\n<div class=\"wp-block-cover alignwide is-light\"><span aria-hidden=\"true\" class=\"wp-block-cover__background has-background-dim\"><\/span><img loading=\"lazy\" decoding=\"async\" width=\"1024\" height=\"768\" class=\"wp-block-cover__image-background wp-image-214\" alt=\"\" src=\"http:\/\/partnercomagency.com\/wp-content\/uploads\/2023\/05\/possessed-photography-tiNCpHudGrw-unsplash-1-1024x768.jpg\" data-object-fit=\"cover\" srcset=\"https:\/\/partnercomagency.com\/wp-content\/uploads\/2023\/05\/possessed-photography-tiNCpHudGrw-unsplash-1-1024x768.jpg 1024w, https:\/\/partnercomagency.com\/wp-content\/uploads\/2023\/05\/possessed-photography-tiNCpHudGrw-unsplash-1-300x225.jpg 300w, https:\/\/partnercomagency.com\/wp-content\/uploads\/2023\/05\/possessed-photography-tiNCpHudGrw-unsplash-1-768x576.jpg 768w, https:\/\/partnercomagency.com\/wp-content\/uploads\/2023\/05\/possessed-photography-tiNCpHudGrw-unsplash-1-1536x1152.jpg 1536w, https:\/\/partnercomagency.com\/wp-content\/uploads\/2023\/05\/possessed-photography-tiNCpHudGrw-unsplash-1-2048x1536.jpg 2048w, https:\/\/partnercomagency.com\/wp-content\/uploads\/2023\/05\/possessed-photography-tiNCpHudGrw-unsplash-1-2000x1500.jpg 2000w\" sizes=\"auto, (max-width: 1024px) 100vw, 1024px\" \/><div class=\"wp-block-cover__inner-container is-layout-flow wp-block-cover-is-layout-flow\">\n<p class=\"has-text-align-center has-white-color has-text-color has-medium-font-size\"><strong>Comunicaci\u00f3n<\/strong><\/p>\n\n\n\n<p class=\"has-text-align-center has-white-color has-text-color\">\u00a1Nos encanta comunicar! Llevamos a cabo la creaci\u00f3n de contenidos y la redacci\u00f3n de notas de prensa.&nbsp;<\/p>\n\n\n\n<div class=\"wp-block-buttons is-layout-flex wp-block-buttons-is-layout-flex\">\n<div class=\"wp-block-button has-custom-width wp-block-button__width-100 has-custom-font-size has-small-font-size\"><a class=\"wp-block-button__link has-luminous-vivid-amber-background-color has-background wp-element-button\" href=\"https:\/\/partnercomagency.com\/es\/serveis-comunicacio\/\"><strong>ME INTERESA<\/strong><\/a><\/div>\n<\/div>\n<\/div><\/div>\n<\/div>\n<\/div>\n<\/div><\/div>\n\n\n\n<div class=\"wp-block-cover alignfull has-parallax is-repeated is-position-center-center\" style=\"min-height:375px;aspect-ratio:unset;\"><span aria-hidden=\"true\" class=\"wp-block-cover__background has-black-background-color has-background-dim-70 has-background-dim\"><\/span><div role=\"img\" class=\"wp-block-cover__image-background wp-image-24 has-parallax is-repeated\" style=\"background-position:45% 55%;background-image:url(http:\/\/partnercomagency.com\/wp-content\/themes\/inspiro\/assets\/images\/StockSnap_89BQZ89TLH.jpg)\"><\/div><div class=\"wp-block-cover__inner-container is-layout-flow wp-block-cover-is-layout-flow\">\n<h3 class=\"wp-block-heading has-text-align-center has-white-color has-text-color\" style=\"font-size:26px;letter-spacing:1px;text-transform:uppercase\"><strong>\u00bfempezamos el viaje juntos?<\/strong><\/h3>\n\n\n\n<p class=\"has-text-align-center has-white-color has-text-color\">Potenciaremos tu negocio.<\/p>\n\n\n\n<div class=\"wp-block-buttons is-horizontal is-content-justification-center is-layout-flex wp-container-core-buttons-is-layout-499968f5 wp-block-buttons-is-layout-flex\">\n<div class=\"wp-block-button has-custom-font-size is-style-fill has-small-font-size\"><a class=\"wp-block-button__link has-white-color has-luminous-vivid-amber-background-color has-text-color has-background wp-element-button\" href=\"https:\/\/partnercomagency.com\/es\/contacte\/\" style=\"border-radius:100px\"><strong>cont\u00e1ctanos<\/strong><\/a><\/div>\n<\/div>\n<\/div><\/div>","protected":false},"excerpt":{"rendered":"<p>La teva ag\u00e8ncia de comunicaci\u00f3 i m\u00e0rqueting de confian\u00e7a Especialitzats&nbsp;en&nbsp;empreses mitjanes i petits negocis, ens&nbsp;encarreguem&nbsp;de la teva estrat\u00e8gia de&nbsp;comunicaci\u00f3 i&nbsp;de m\u00e0rqueting digital QUI SOM PA \u00e9s Passi\u00f3 i Admiraci\u00f3 per la comunicaci\u00f3 i el m\u00e0rqueting. Per aix\u00f2, ens descrivim com uns amants de comunicar.Som un equip de periodistes i comunicadors especialitzats en l\u2019\u00e0rea del m\u00e0rqueting &hellip; <\/p>\n<p class=\"link-more\"><a href=\"https:\/\/partnercomagency.com\/es\/\" class=\"more-link\">Leer m\u00e1s<span class=\"screen-reader-text\"> \u00abHOME\u00bb<\/span><\/a><\/p>","protected":false},"author":1,"featured_media":82,"parent":0,"menu_order":0,"comment_status":"closed","ping_status":"closed","template":"","meta":{"footnotes":""},"class_list":["post-178","page","type-page","status-publish","has-post-thumbnail","hentry"],"yoast_head":"<!-- This site is optimized with the Yoast SEO plugin v20.8 - https:\/\/yoast.com\/wordpress\/plugins\/seo\/ -->\n<title>HOME - Partnercom Agency<\/title>\n<meta name=\"description\" content=\"Som una ag\u00e8ncia de m\u00e0rqueting i comunicaci\u00f3 especialitzada en petits i mitjans negocis. Vols que fem cr\u00e9ixer junts la teva marca? Visita&#039;ns!\" \/>\n<meta name=\"robots\" content=\"index, follow, max-snippet:-1, max-image-preview:large, max-video-preview:-1\" \/>\n<link rel=\"canonical\" href=\"https:\/\/partnercomagency.com\/es\/\" \/>\n<meta property=\"og:locale\" content=\"es_ES\" \/>\n<meta property=\"og:type\" content=\"article\" \/>\n<meta property=\"og:title\" content=\"HOME - Partnercom Agency\" \/>\n<meta property=\"og:description\" content=\"Som una ag\u00e8ncia de m\u00e0rqueting i comunicaci\u00f3 especialitzada en petits i mitjans negocis. Vols que fem cr\u00e9ixer junts la teva marca? Visita&#039;ns!\" \/>\n<meta property=\"og:url\" content=\"https:\/\/partnercomagency.com\/es\/\" \/>\n<meta property=\"og:site_name\" content=\"Partnercom Agency\" \/>\n<meta property=\"article:modified_time\" content=\"2023-08-21T11:00:51+00:00\" \/>\n<meta property=\"og:image\" content=\"https:\/\/partnercomagency.com\/wp-content\/uploads\/2023\/05\/laptop-notebook-computer-smartphone-mobile-writing-764384-pxhere.com_.webp\" \/>\n\t<meta property=\"og:image:width\" content=\"1920\" \/>\n\t<meta property=\"og:image:height\" content=\"1239\" \/>\n\t<meta property=\"og:image:type\" content=\"image\/webp\" \/>\n<meta name=\"twitter:card\" content=\"summary_large_image\" \/>\n<meta name=\"twitter:label1\" content=\"Tiempo de lectura\" \/>\n\t<meta name=\"twitter:data1\" content=\"2 minutos\" \/>\n<script type=\"application\/ld+json\" class=\"yoast-schema-graph\">{\"@context\":\"https:\/\/schema.org\",\"@graph\":[{\"@type\":\"WebPage\",\"@id\":\"https:\/\/partnercomagency.com\/\",\"url\":\"https:\/\/partnercomagency.com\/\",\"name\":\"HOME - Partnercom Agency\",\"isPartOf\":{\"@id\":\"https:\/\/partnercomagency.com\/#website\"},\"datePublished\":\"2023-05-26T14:49:45+00:00\",\"dateModified\":\"2023-08-21T11:00:51+00:00\",\"description\":\"Som una ag\u00e8ncia de m\u00e0rqueting i comunicaci\u00f3 especialitzada en petits i mitjans negocis. Vols que fem cr\u00e9ixer junts la teva marca? Visita'ns!\",\"breadcrumb\":{\"@id\":\"https:\/\/partnercomagency.com\/#breadcrumb\"},\"inLanguage\":\"es\",\"potentialAction\":[{\"@type\":\"ReadAction\",\"target\":[\"https:\/\/partnercomagency.com\/\"]}]},{\"@type\":\"BreadcrumbList\",\"@id\":\"https:\/\/partnercomagency.com\/#breadcrumb\",\"itemListElement\":[{\"@type\":\"ListItem\",\"position\":1,\"name\":\"Portada\",\"item\":\"https:\/\/partnercomagency.com\/\"},{\"@type\":\"ListItem\",\"position\":2,\"name\":\"HOME\"}]},{\"@type\":\"WebSite\",\"@id\":\"https:\/\/partnercomagency.com\/#website\",\"url\":\"https:\/\/partnercomagency.com\/\",\"name\":\"Partnercom Agency\",\"description\":\"Ag\u00e8ncia de comunicaci\u00f3 i m\u00e0rqueting\",\"publisher\":{\"@id\":\"https:\/\/partnercomagency.com\/#organization\"},\"potentialAction\":[{\"@type\":\"SearchAction\",\"target\":{\"@type\":\"EntryPoint\",\"urlTemplate\":\"https:\/\/partnercomagency.com\/?s={search_term_string}\"},\"query-input\":\"required name=search_term_string\"}],\"inLanguage\":\"es\"},{\"@type\":\"Organization\",\"@id\":\"https:\/\/partnercomagency.com\/#organization\",\"name\":\"Partnercom Agency\",\"url\":\"https:\/\/partnercomagency.com\/\",\"logo\":{\"@type\":\"ImageObject\",\"inLanguage\":\"es\",\"@id\":\"https:\/\/partnercomagency.com\/#\/schema\/logo\/image\/\",\"url\":\"https:\/\/partnercomagency.com\/wp-content\/uploads\/2023\/05\/cropped-A-removebg-preview.png\",\"contentUrl\":\"https:\/\/partnercomagency.com\/wp-content\/uploads\/2023\/05\/cropped-A-removebg-preview.png\",\"width\":500,\"height\":301,\"caption\":\"Partnercom Agency\"},\"image\":{\"@id\":\"https:\/\/partnercomagency.com\/#\/schema\/logo\/image\/\"}}]}<\/script>\n<!-- \/ Yoast SEO plugin. -->","yoast_head_json":{"title":"HOME - Partnercom Agency","description":"Som una ag\u00e8ncia de m\u00e0rqueting i comunicaci\u00f3 especialitzada en petits i mitjans negocis. Vols que fem cr\u00e9ixer junts la teva marca? Visita'ns!","robots":{"index":"index","follow":"follow","max-snippet":"max-snippet:-1","max-image-preview":"max-image-preview:large","max-video-preview":"max-video-preview:-1"},"canonical":"https:\/\/partnercomagency.com\/es\/","og_locale":"es_ES","og_type":"article","og_title":"HOME - Partnercom Agency","og_description":"Som una ag\u00e8ncia de m\u00e0rqueting i comunicaci\u00f3 especialitzada en petits i mitjans negocis. Vols que fem cr\u00e9ixer junts la teva marca? Visita'ns!","og_url":"https:\/\/partnercomagency.com\/es\/","og_site_name":"Partnercom Agency","article_modified_time":"2023-08-21T11:00:51+00:00","og_image":[{"width":1920,"height":1239,"url":"https:\/\/partnercomagency.com\/wp-content\/uploads\/2023\/05\/laptop-notebook-computer-smartphone-mobile-writing-764384-pxhere.com_.webp","type":"image\/webp"}],"twitter_card":"summary_large_image","twitter_misc":{"Tiempo de lectura":"2 minutos"},"schema":{"@context":"https:\/\/schema.org","@graph":[{"@type":"WebPage","@id":"https:\/\/partnercomagency.com\/","url":"https:\/\/partnercomagency.com\/","name":"HOME - Partnercom Agency","isPartOf":{"@id":"https:\/\/partnercomagency.com\/#website"},"datePublished":"2023-05-26T14:49:45+00:00","dateModified":"2023-08-21T11:00:51+00:00","description":"Som una ag\u00e8ncia de m\u00e0rqueting i comunicaci\u00f3 especialitzada en petits i mitjans negocis. Vols que fem cr\u00e9ixer junts la teva marca? Visita'ns!","breadcrumb":{"@id":"https:\/\/partnercomagency.com\/#breadcrumb"},"inLanguage":"es","potentialAction":[{"@type":"ReadAction","target":["https:\/\/partnercomagency.com\/"]}]},{"@type":"BreadcrumbList","@id":"https:\/\/partnercomagency.com\/#breadcrumb","itemListElement":[{"@type":"ListItem","position":1,"name":"Portada","item":"https:\/\/partnercomagency.com\/"},{"@type":"ListItem","position":2,"name":"HOME"}]},{"@type":"WebSite","@id":"https:\/\/partnercomagency.com\/#website","url":"https:\/\/partnercomagency.com\/","name":"Partnercom Agency","description":"Ag\u00e8ncia de comunicaci\u00f3 i m\u00e0rqueting","publisher":{"@id":"https:\/\/partnercomagency.com\/#organization"},"potentialAction":[{"@type":"SearchAction","target":{"@type":"EntryPoint","urlTemplate":"https:\/\/partnercomagency.com\/?s={search_term_string}"},"query-input":"required name=search_term_string"}],"inLanguage":"es"},{"@type":"Organization","@id":"https:\/\/partnercomagency.com\/#organization","name":"Partnercom Agency","url":"https:\/\/partnercomagency.com\/","logo":{"@type":"ImageObject","inLanguage":"es","@id":"https:\/\/partnercomagency.com\/#\/schema\/logo\/image\/","url":"https:\/\/partnercomagency.com\/wp-content\/uploads\/2023\/05\/cropped-A-removebg-preview.png","contentUrl":"https:\/\/partnercomagency.com\/wp-content\/uploads\/2023\/05\/cropped-A-removebg-preview.png","width":500,"height":301,"caption":"Partnercom Agency"},"image":{"@id":"https:\/\/partnercomagency.com\/#\/schema\/logo\/image\/"}}]}},"_links":{"self":[{"href":"https:\/\/partnercomagency.com\/es\/wp-json\/wp\/v2\/pages\/178","targetHints":{"allow":["GET"]}}],"collection":[{"href":"https:\/\/partnercomagency.com\/es\/wp-json\/wp\/v2\/pages"}],"about":[{"href":"https:\/\/partnercomagency.com\/es\/wp-json\/wp\/v2\/types\/page"}],"author":[{"embeddable":true,"href":"https:\/\/partnercomagency.com\/es\/wp-json\/wp\/v2\/users\/1"}],"replies":[{"embeddable":true,"href":"https:\/\/partnercomagency.com\/es\/wp-json\/wp\/v2\/comments?post=178"}],"version-history":[{"count":101,"href":"https:\/\/partnercomagency.com\/es\/wp-json\/wp\/v2\/pages\/178\/revisions"}],"predecessor-version":[{"id":810,"href":"https:\/\/partnercomagency.com\/es\/wp-json\/wp\/v2\/pages\/178\/revisions\/810"}],"wp:featuredmedia":[{"embeddable":true,"href":"https:\/\/partnercomagency.com\/es\/wp-json\/wp\/v2\/media\/82"}],"wp:attachment":[{"href":"https:\/\/partnercomagency.com\/es\/wp-json\/wp\/v2\/media?parent=178"}],"curies":[{"name":"wp","href":"https:\/\/api.w.org\/{rel}","templated":true}]}}