{"id":192,"date":"2023-05-26T15:01:28","date_gmt":"2023-05-26T15:01:28","guid":{"rendered":"http:\/\/partnercomagency.com\/?page_id=192"},"modified":"2023-08-23T16:59:29","modified_gmt":"2023-08-23T16:59:29","slug":"serveis-social-media","status":"publish","type":"page","link":"https:\/\/partnercomagency.com\/es\/serveis-social-media\/","title":{"rendered":"SOCIAL MEDIA"},"content":{"rendered":"<div class=\"wp-block-cover alignfull is-light has-parallax\" style=\"min-height:700px;aspect-ratio:unset;\"><span aria-hidden=\"true\" class=\"wp-block-cover__background has-background-dim-20 has-background-dim\"><\/span><div role=\"img\" class=\"wp-block-cover__image-background wp-image-254 has-parallax\" style=\"background-position:50% 50%;background-image:url(http:\/\/partnercomagency.com\/wp-content\/uploads\/2023\/05\/philip-myrtorp-iiqpxCg2GD4-unsplash-1-scaled.jpg)\"><\/div><div class=\"wp-block-cover__inner-container is-layout-flow wp-block-cover-is-layout-flow\">\n<p class=\"has-text-align-center has-white-color has-text-color has-medium-font-size\" style=\"letter-spacing:1px\">Nuestros servicios har\u00e1n volar tu negocio gracias a un aumento de visibilidad y ventas<\/p>\n\n\n\n<div class=\"wp-block-buttons is-content-justification-center is-layout-flex wp-container-core-buttons-is-layout-16018d1d wp-block-buttons-is-layout-flex\">\n<div class=\"wp-block-button has-custom-font-size is-style-fill has-small-font-size\"><a class=\"wp-block-button__link has-white-color has-luminous-vivid-amber-background-color has-text-color has-background wp-element-button\" href=\"https:\/\/partnercomagency.com\/es\/contacte\/\" style=\"border-radius:100px\"><strong>CONT\u00c1CTANOS<\/strong><\/a><\/div>\n<\/div>\n<\/div><\/div>\n\n\n\n<div style=\"height:40px\" aria-hidden=\"true\" class=\"wp-block-spacer\"><\/div>\n\n\n\n<h2 class=\"wp-block-heading has-text-align-center\">AGENCIA SOCIAL MEDIA<\/h2>\n\n\n\n<div style=\"height:40px\" aria-hidden=\"true\" class=\"wp-block-spacer\"><\/div>\n\n\n\n<div class=\"wp-block-columns is-layout-flex wp-container-core-columns-is-layout-9d6595d7 wp-block-columns-is-layout-flex\">\n<div class=\"wp-block-column is-layout-flow wp-block-column-is-layout-flow\" style=\"flex-basis:100%\">\n<div class=\"wp-block-group\"><div class=\"wp-block-group__inner-container is-layout-flow wp-block-group-is-layout-flow\">\n<p class=\"has-text-align-center\">Somos expertos en la gesti\u00f3n de redes sociales. Creamos una estrategia que se adapte a tu negocio y la implementamos en cada una de las plataformas: Instagram, Facebook, Linkedin, Twitter\u2026<\/p>\n<\/div><\/div>\n<\/div>\n<\/div>\n\n\n\n<div style=\"height:40px\" aria-hidden=\"true\" class=\"wp-block-spacer\"><\/div>\n\n\n\n<div class=\"wp-block-cover alignfull is-light\" style=\"min-height:50px;aspect-ratio:unset;\"><span aria-hidden=\"true\" class=\"wp-block-cover__background has-luminous-vivid-amber-background-color has-background-dim-100 has-background-dim\"><\/span><div class=\"wp-block-cover__inner-container is-layout-flow wp-block-cover-is-layout-flow\">\n<div style=\"height:20px\" aria-hidden=\"true\" class=\"wp-block-spacer\"><\/div>\n\n\n\n<h2 class=\"wp-block-heading has-text-align-center\">SERVICIOS DE SOCIAL MEDIA<\/h2>\n\n\n\n<div style=\"height:50px\" aria-hidden=\"true\" class=\"wp-block-spacer\"><\/div>\n\n\n\n<div class=\"wp-block-columns is-layout-flex wp-container-core-columns-is-layout-9d6595d7 wp-block-columns-is-layout-flex\">\n<div class=\"wp-block-column is-layout-flow wp-block-column-is-layout-flow\">\n<div class=\"wp-block-cover is-light\"><span aria-hidden=\"true\" class=\"wp-block-cover__background has-background-dim\"><\/span><img loading=\"lazy\" decoding=\"async\" width=\"1024\" height=\"683\" class=\"wp-block-cover__image-background wp-image-571\" alt=\"\" src=\"http:\/\/partnercomagency.com\/wp-content\/uploads\/2023\/05\/asian-blank-boss-brainstorming-business-busy-1458635-pxhere.com_-1-1024x683.webp\" data-object-fit=\"cover\" srcset=\"https:\/\/partnercomagency.com\/wp-content\/uploads\/2023\/05\/asian-blank-boss-brainstorming-business-busy-1458635-pxhere.com_-1-1024x683.webp 1024w, https:\/\/partnercomagency.com\/wp-content\/uploads\/2023\/05\/asian-blank-boss-brainstorming-business-busy-1458635-pxhere.com_-1-300x200.webp 300w, https:\/\/partnercomagency.com\/wp-content\/uploads\/2023\/05\/asian-blank-boss-brainstorming-business-busy-1458635-pxhere.com_-1-768x512.webp 768w, https:\/\/partnercomagency.com\/wp-content\/uploads\/2023\/05\/asian-blank-boss-brainstorming-business-busy-1458635-pxhere.com_-1-1536x1024.webp 1536w, https:\/\/partnercomagency.com\/wp-content\/uploads\/2023\/05\/asian-blank-boss-brainstorming-business-busy-1458635-pxhere.com_-1.webp 1920w\" sizes=\"auto, (max-width: 1024px) 100vw, 1024px\" \/><div class=\"wp-block-cover__inner-container is-layout-flow wp-block-cover-is-layout-flow\">\n<p class=\"has-text-align-center has-white-color has-text-color has-medium-font-size\"><strong>Creaci\u00f3n de contenidos<\/strong><\/p>\n\n\n\n<p class=\"has-text-align-center has-white-color has-text-color\">Somos expertos en la creaci\u00f3n de contenidos, siguiendo siempre la estrategia de redes sociales de la marca.<\/p>\n<\/div><\/div>\n<\/div>\n\n\n\n<div class=\"wp-block-column is-layout-flow wp-block-column-is-layout-flow\">\n<div class=\"wp-block-cover alignwide is-light\"><span aria-hidden=\"true\" class=\"wp-block-cover__background has-background-dim\"><\/span><img loading=\"lazy\" decoding=\"async\" width=\"1024\" height=\"667\" class=\"wp-block-cover__image-background wp-image-123\" alt=\"\" src=\"http:\/\/partnercomagency.com\/wp-content\/uploads\/2023\/05\/africa-african-african-american-african-descent-agenda-american-1437383-pxhere.com_-1024x667.webp\" data-object-fit=\"cover\" srcset=\"https:\/\/partnercomagency.com\/wp-content\/uploads\/2023\/05\/africa-african-african-american-african-descent-agenda-american-1437383-pxhere.com_-1024x667.webp 1024w, https:\/\/partnercomagency.com\/wp-content\/uploads\/2023\/05\/africa-african-african-american-african-descent-agenda-american-1437383-pxhere.com_-300x195.webp 300w, https:\/\/partnercomagency.com\/wp-content\/uploads\/2023\/05\/africa-african-african-american-african-descent-agenda-american-1437383-pxhere.com_-768x500.webp 768w, https:\/\/partnercomagency.com\/wp-content\/uploads\/2023\/05\/africa-african-african-american-african-descent-agenda-american-1437383-pxhere.com_-1536x1000.webp 1536w, https:\/\/partnercomagency.com\/wp-content\/uploads\/2023\/05\/africa-african-african-american-african-descent-agenda-american-1437383-pxhere.com_.webp 1920w\" sizes=\"auto, (max-width: 1024px) 100vw, 1024px\" \/><div class=\"wp-block-cover__inner-container is-layout-flow wp-block-cover-is-layout-flow\">\n<p class=\"has-text-align-center has-white-color has-text-color has-medium-font-size\"><strong>Planificaci\u00f3n de contenidos<\/strong><\/p>\n\n\n\n<p class=\"has-text-align-center has-white-color has-text-color\">Nos encargamos de la planificaci\u00f3n y calendarizaci\u00f3n de las publicaciones.<\/p>\n<\/div><\/div>\n<\/div>\n\n\n\n<div class=\"wp-block-column is-layout-flow wp-block-column-is-layout-flow\">\n<div class=\"wp-block-cover alignwide\"><span aria-hidden=\"true\" class=\"wp-block-cover__background has-background-dim\"><\/span><img loading=\"lazy\" decoding=\"async\" width=\"576\" height=\"1024\" class=\"wp-block-cover__image-background wp-image-550\" alt=\"\" src=\"http:\/\/partnercomagency.com\/wp-content\/uploads\/2023\/05\/Diseno-sin-titulo-16-1-576x1024.png\" data-object-fit=\"cover\" srcset=\"https:\/\/partnercomagency.com\/wp-content\/uploads\/2023\/05\/Diseno-sin-titulo-16-1-576x1024.png 576w, https:\/\/partnercomagency.com\/wp-content\/uploads\/2023\/05\/Diseno-sin-titulo-16-1-169x300.png 169w, https:\/\/partnercomagency.com\/wp-content\/uploads\/2023\/05\/Diseno-sin-titulo-16-1-768x1365.png 768w, https:\/\/partnercomagency.com\/wp-content\/uploads\/2023\/05\/Diseno-sin-titulo-16-1-864x1536.png 864w, https:\/\/partnercomagency.com\/wp-content\/uploads\/2023\/05\/Diseno-sin-titulo-16-1.png 1080w\" sizes=\"auto, (max-width: 576px) 100vw, 576px\" \/><div class=\"wp-block-cover__inner-container is-layout-flow wp-block-cover-is-layout-flow\">\n<p class=\"has-text-align-center has-white-color has-text-color has-medium-font-size\"><strong>Dise\u00f1o<\/strong><\/p>\n\n\n\n<p class=\"has-text-align-center has-white-color has-text-color\">Dise\u00f1amos la creatividad de forma alineada con la identidad visual de marca.<\/p>\n<\/div><\/div>\n<\/div>\n<\/div>\n\n\n\n<div class=\"wp-block-columns is-layout-flex wp-container-core-columns-is-layout-9d6595d7 wp-block-columns-is-layout-flex\">\n<div class=\"wp-block-column is-layout-flow wp-block-column-is-layout-flow\">\n<div class=\"wp-block-cover alignwide\"><span aria-hidden=\"true\" class=\"wp-block-cover__background has-background-dim\"><\/span><img loading=\"lazy\" decoding=\"async\" width=\"1080\" height=\"1920\" class=\"wp-block-cover__image-background wp-image-527\" alt=\"\" src=\"http:\/\/partnercomagency.com\/wp-content\/uploads\/2023\/05\/Diseno-sin-titulo-17-1.png\" data-object-fit=\"cover\" srcset=\"https:\/\/partnercomagency.com\/wp-content\/uploads\/2023\/05\/Diseno-sin-titulo-17-1.png 1080w, https:\/\/partnercomagency.com\/wp-content\/uploads\/2023\/05\/Diseno-sin-titulo-17-1-169x300.png 169w, https:\/\/partnercomagency.com\/wp-content\/uploads\/2023\/05\/Diseno-sin-titulo-17-1-576x1024.png 576w, https:\/\/partnercomagency.com\/wp-content\/uploads\/2023\/05\/Diseno-sin-titulo-17-1-768x1365.png 768w, https:\/\/partnercomagency.com\/wp-content\/uploads\/2023\/05\/Diseno-sin-titulo-17-1-864x1536.png 864w\" sizes=\"auto, (max-width: 1080px) 100vw, 1080px\" \/><div class=\"wp-block-cover__inner-container is-layout-flow wp-block-cover-is-layout-flow\">\n<p class=\"has-text-align-center has-white-color has-text-color has-medium-font-size\"><strong>Social Ads<\/strong><\/p>\n\n\n\n<p class=\"has-text-align-center has-white-color has-text-color\">Realizamos campa\u00f1as de publicidad de Facebook, Instagram, Linkedin\u2026<\/p>\n<\/div><\/div>\n<\/div>\n\n\n\n<div class=\"wp-block-column is-layout-flow wp-block-column-is-layout-flow\">\n<div class=\"wp-block-cover alignwide is-light\"><span aria-hidden=\"true\" class=\"wp-block-cover__background has-background-dim\"><\/span><img loading=\"lazy\" decoding=\"async\" width=\"1080\" height=\"1920\" class=\"wp-block-cover__image-background wp-image-529\" alt=\"\" src=\"http:\/\/partnercomagency.com\/wp-content\/uploads\/2023\/05\/Diseno-sin-titulo-14-1.png\" data-object-fit=\"cover\" srcset=\"https:\/\/partnercomagency.com\/wp-content\/uploads\/2023\/05\/Diseno-sin-titulo-14-1.png 1080w, https:\/\/partnercomagency.com\/wp-content\/uploads\/2023\/05\/Diseno-sin-titulo-14-1-169x300.png 169w, https:\/\/partnercomagency.com\/wp-content\/uploads\/2023\/05\/Diseno-sin-titulo-14-1-576x1024.png 576w, https:\/\/partnercomagency.com\/wp-content\/uploads\/2023\/05\/Diseno-sin-titulo-14-1-768x1365.png 768w, https:\/\/partnercomagency.com\/wp-content\/uploads\/2023\/05\/Diseno-sin-titulo-14-1-864x1536.png 864w\" sizes=\"auto, (max-width: 1080px) 100vw, 1080px\" \/><div class=\"wp-block-cover__inner-container is-layout-flow wp-block-cover-is-layout-flow\">\n<p class=\"has-text-align-center has-white-color has-text-color has-medium-font-size\"><strong>Monitoritzaci\u00f3n<\/strong><\/p>\n\n\n\n<p class=\"has-text-align-center has-white-color has-text-color\">Fem un seguiment dels comentaris i mencions per donar la resposta m\u00e9s adient.<\/p>\n<\/div><\/div>\n<\/div>\n\n\n\n<div class=\"wp-block-column is-layout-flow wp-block-column-is-layout-flow\">\n<div class=\"wp-block-cover alignwide\"><span aria-hidden=\"true\" class=\"wp-block-cover__background has-background-dim\"><\/span><img loading=\"lazy\" decoding=\"async\" width=\"576\" height=\"1024\" class=\"wp-block-cover__image-background wp-image-524\" alt=\"\" src=\"http:\/\/partnercomagency.com\/wp-content\/uploads\/2023\/05\/Diseno-sin-titulo-18-576x1024.png\" data-object-fit=\"cover\" srcset=\"https:\/\/partnercomagency.com\/wp-content\/uploads\/2023\/05\/Diseno-sin-titulo-18-576x1024.png 576w, https:\/\/partnercomagency.com\/wp-content\/uploads\/2023\/05\/Diseno-sin-titulo-18-169x300.png 169w, https:\/\/partnercomagency.com\/wp-content\/uploads\/2023\/05\/Diseno-sin-titulo-18-768x1365.png 768w, https:\/\/partnercomagency.com\/wp-content\/uploads\/2023\/05\/Diseno-sin-titulo-18-864x1536.png 864w, https:\/\/partnercomagency.com\/wp-content\/uploads\/2023\/05\/Diseno-sin-titulo-18.png 1080w\" sizes=\"auto, (max-width: 576px) 100vw, 576px\" \/><div class=\"wp-block-cover__inner-container is-layout-flow wp-block-cover-is-layout-flow\">\n<p class=\"has-text-align-center has-white-color has-text-color has-medium-font-size\"><strong>An\u00e1lisis<\/strong><\/p>\n\n\n\n<p class=\"has-text-align-center has-white-color has-text-color\">Medimos los resultados conseguidos a trav\u00e9s de las redes sociales.<\/p>\n<\/div><\/div>\n<\/div>\n<\/div>\n<\/div><\/div>\n\n\n\n<div style=\"height:40px\" aria-hidden=\"true\" class=\"wp-block-spacer\"><\/div>\n\n\n\n<h2 class=\"wp-block-heading has-text-align-center\">BENEFICIOS<\/h2>\n\n\n\n<div style=\"height:60px\" aria-hidden=\"true\" class=\"wp-block-spacer\"><\/div>\n\n\n\n<div class=\"wp-block-cover alignfull\"><span aria-hidden=\"true\" class=\"wp-block-cover__background has-background-dim-80 has-background-dim wp-block-cover__gradient-background has-background-gradient has-very-light-gray-to-cyan-bluish-gray-gradient-background\"><\/span><img loading=\"lazy\" decoding=\"async\" width=\"1280\" height=\"853\" class=\"wp-block-cover__image-background wp-image-300\" alt=\"\" src=\"http:\/\/partnercomagency.com\/wp-content\/uploads\/2023\/05\/architecture-g83006afe2_1280-1.jpg\" style=\"object-position:50% 50%\" data-object-fit=\"cover\" data-object-position=\"50% 50%\" srcset=\"https:\/\/partnercomagency.com\/wp-content\/uploads\/2023\/05\/architecture-g83006afe2_1280-1.jpg 1280w, https:\/\/partnercomagency.com\/wp-content\/uploads\/2023\/05\/architecture-g83006afe2_1280-1-300x200.jpg 300w, https:\/\/partnercomagency.com\/wp-content\/uploads\/2023\/05\/architecture-g83006afe2_1280-1-1024x682.jpg 1024w, https:\/\/partnercomagency.com\/wp-content\/uploads\/2023\/05\/architecture-g83006afe2_1280-1-768x512.jpg 768w\" sizes=\"auto, (max-width: 1280px) 100vw, 1280px\" \/><div class=\"wp-block-cover__inner-container is-layout-flow wp-block-cover-is-layout-flow\">\n<div class=\"wp-block-columns is-layout-flex wp-container-core-columns-is-layout-9d6595d7 wp-block-columns-is-layout-flex\">\n<div class=\"wp-block-column is-layout-flow wp-block-column-is-layout-flow\">\n<h3 class=\"wp-block-heading has-text-align-center has-black-color has-text-color\">VISIBILIDAD<\/h3>\n\n\n\n<p class=\"has-text-align-center has-black-color has-text-color has-small-font-size\">Potencia la visibilidad y conocimiento de marca&nbsp;<\/p>\n<\/div>\n\n\n\n<div class=\"wp-block-column is-layout-flow wp-block-column-is-layout-flow\">\n<h3 class=\"wp-block-heading has-text-align-center has-black-color has-text-color\">VISITAS WEB<\/h3>\n\n\n\n<p class=\"has-text-align-center has-black-color has-text-color has-small-font-size\">Aumenta las visitas al sitio web y a tu negocio f\u00edsico<\/p>\n<\/div>\n\n\n\n<div class=\"wp-block-column is-layout-flow wp-block-column-is-layout-flow\">\n<h3 class=\"wp-block-heading has-text-align-center has-black-color has-text-color\">VENTAS<\/h3>\n\n\n\n<p class=\"has-text-align-center has-black-color has-text-color has-small-font-size\">Incrementa las ventas de tu empresa&nbsp;<\/p>\n<\/div>\n<\/div>\n<\/div><\/div>\n\n\n\n<div class=\"wp-block-cover alignfull has-parallax is-position-center-center\" style=\"min-height:393px;aspect-ratio:unset;\"><span aria-hidden=\"true\" class=\"wp-block-cover__background has-black-background-color has-background-dim-70 has-background-dim\"><\/span><div role=\"img\" class=\"wp-block-cover__image-background wp-image-24 has-parallax\" style=\"background-position:50% 50%;background-image:url(http:\/\/partnercomagency.com\/wp-content\/themes\/inspiro\/assets\/images\/StockSnap_89BQZ89TLH.jpg)\"><\/div><div class=\"wp-block-cover__inner-container is-layout-flow wp-block-cover-is-layout-flow\">\n<h3 class=\"wp-block-heading has-text-align-center has-white-color has-text-color\" style=\"font-size:26px;letter-spacing:1px;text-transform:uppercase\"><strong>\u00bfempezamos el viaje juntos?<\/strong><\/h3>\n\n\n\n<p class=\"has-text-align-center has-white-color has-text-color\">Potenciaremos tu negocio.<\/p>\n\n\n\n<div class=\"wp-block-buttons is-horizontal is-content-justification-center is-layout-flex wp-container-core-buttons-is-layout-499968f5 wp-block-buttons-is-layout-flex\">\n<div class=\"wp-block-button has-custom-font-size is-style-fill has-small-font-size\"><a class=\"wp-block-button__link has-white-color has-luminous-vivid-amber-background-color has-text-color has-background wp-element-button\" href=\"https:\/\/partnercomagency.com\/es\/contacte\/\" style=\"border-radius:100px\"><strong>CONT\u00c1CTANOS<\/strong><\/a><\/div>\n<\/div>\n<\/div><\/div>\n\n\n\n<p>&nbsp;<\/p>","protected":false},"excerpt":{"rendered":"<p>AG\u00c8NCIA SOCIAL MEDIA Som experts en la gesti\u00f3 de Xarxes Socials. Creem una estrat\u00e8gia que s&#8217;adapti al teu negoci i la implementem a cada una de les plataformes: Instagram, Facebook, Linkedin, Twitter&#8230; BENEFICIS &nbsp;<\/p>","protected":false},"author":1,"featured_media":0,"parent":0,"menu_order":0,"comment_status":"closed","ping_status":"closed","template":"","meta":{"footnotes":""},"class_list":["post-192","page","type-page","status-publish","hentry"],"yoast_head":"<!-- This site is optimized with the Yoast SEO plugin v20.8 - https:\/\/yoast.com\/wordpress\/plugins\/seo\/ -->\n<title>SOCIAL MEDIA - Partnercom Agency<\/title>\n<meta name=\"description\" content=\"Som experts en la gesti\u00f3 de Xarxes Socials. Creem una estrat\u00e8gia que s&#039;adapti al teu negoci i la implementem. Comencem?\" \/>\n<meta name=\"robots\" content=\"index, follow, max-snippet:-1, max-image-preview:large, max-video-preview:-1\" \/>\n<link rel=\"canonical\" href=\"https:\/\/partnercomagency.com\/es\/serveis-social-media\/\" \/>\n<meta property=\"og:locale\" content=\"es_ES\" \/>\n<meta property=\"og:type\" content=\"article\" \/>\n<meta property=\"og:title\" content=\"SOCIAL MEDIA - Partnercom Agency\" \/>\n<meta property=\"og:description\" content=\"Som experts en la gesti\u00f3 de Xarxes Socials. Creem una estrat\u00e8gia que s&#039;adapti al teu negoci i la implementem. Comencem?\" \/>\n<meta property=\"og:url\" content=\"https:\/\/partnercomagency.com\/es\/serveis-social-media\/\" \/>\n<meta property=\"og:site_name\" content=\"Partnercom Agency\" \/>\n<meta property=\"article:modified_time\" content=\"2023-08-23T16:59:29+00:00\" \/>\n<meta property=\"og:image\" content=\"http:\/\/partnercomagency.com\/wp-content\/uploads\/2023\/05\/asian-blank-boss-brainstorming-business-busy-1458635-pxhere.com_-1-1024x683.webp\" \/>\n<meta name=\"twitter:card\" content=\"summary_large_image\" \/>\n<meta name=\"twitter:label1\" content=\"Tiempo de lectura\" \/>\n\t<meta name=\"twitter:data1\" content=\"3 minutos\" \/>\n<script type=\"application\/ld+json\" class=\"yoast-schema-graph\">{\"@context\":\"https:\/\/schema.org\",\"@graph\":[{\"@type\":\"WebPage\",\"@id\":\"https:\/\/partnercomagency.com\/serveis-social-media\/\",\"url\":\"https:\/\/partnercomagency.com\/serveis-social-media\/\",\"name\":\"SOCIAL MEDIA - Partnercom Agency\",\"isPartOf\":{\"@id\":\"https:\/\/partnercomagency.com\/#website\"},\"datePublished\":\"2023-05-26T15:01:28+00:00\",\"dateModified\":\"2023-08-23T16:59:29+00:00\",\"description\":\"Som experts en la gesti\u00f3 de Xarxes Socials. Creem una estrat\u00e8gia que s'adapti al teu negoci i la implementem. Comencem?\",\"breadcrumb\":{\"@id\":\"https:\/\/partnercomagency.com\/serveis-social-media\/#breadcrumb\"},\"inLanguage\":\"es\",\"potentialAction\":[{\"@type\":\"ReadAction\",\"target\":[\"https:\/\/partnercomagency.com\/serveis-social-media\/\"]}]},{\"@type\":\"BreadcrumbList\",\"@id\":\"https:\/\/partnercomagency.com\/serveis-social-media\/#breadcrumb\",\"itemListElement\":[{\"@type\":\"ListItem\",\"position\":1,\"name\":\"Portada\",\"item\":\"https:\/\/partnercomagency.com\/\"},{\"@type\":\"ListItem\",\"position\":2,\"name\":\"SOCIAL MEDIA\"}]},{\"@type\":\"WebSite\",\"@id\":\"https:\/\/partnercomagency.com\/#website\",\"url\":\"https:\/\/partnercomagency.com\/\",\"name\":\"Partnercom Agency\",\"description\":\"Ag\u00e8ncia de comunicaci\u00f3 i m\u00e0rqueting\",\"publisher\":{\"@id\":\"https:\/\/partnercomagency.com\/#organization\"},\"potentialAction\":[{\"@type\":\"SearchAction\",\"target\":{\"@type\":\"EntryPoint\",\"urlTemplate\":\"https:\/\/partnercomagency.com\/?s={search_term_string}\"},\"query-input\":\"required name=search_term_string\"}],\"inLanguage\":\"es\"},{\"@type\":\"Organization\",\"@id\":\"https:\/\/partnercomagency.com\/#organization\",\"name\":\"Partnercom Agency\",\"url\":\"https:\/\/partnercomagency.com\/\",\"logo\":{\"@type\":\"ImageObject\",\"inLanguage\":\"es\",\"@id\":\"https:\/\/partnercomagency.com\/#\/schema\/logo\/image\/\",\"url\":\"https:\/\/partnercomagency.com\/wp-content\/uploads\/2023\/05\/cropped-A-removebg-preview.png\",\"contentUrl\":\"https:\/\/partnercomagency.com\/wp-content\/uploads\/2023\/05\/cropped-A-removebg-preview.png\",\"width\":500,\"height\":301,\"caption\":\"Partnercom Agency\"},\"image\":{\"@id\":\"https:\/\/partnercomagency.com\/#\/schema\/logo\/image\/\"}}]}<\/script>\n<!-- \/ Yoast SEO plugin. -->","yoast_head_json":{"title":"SOCIAL MEDIA - Partnercom Agency","description":"Som experts en la gesti\u00f3 de Xarxes Socials. Creem una estrat\u00e8gia que s'adapti al teu negoci i la implementem. Comencem?","robots":{"index":"index","follow":"follow","max-snippet":"max-snippet:-1","max-image-preview":"max-image-preview:large","max-video-preview":"max-video-preview:-1"},"canonical":"https:\/\/partnercomagency.com\/es\/serveis-social-media\/","og_locale":"es_ES","og_type":"article","og_title":"SOCIAL MEDIA - Partnercom Agency","og_description":"Som experts en la gesti\u00f3 de Xarxes Socials. Creem una estrat\u00e8gia que s'adapti al teu negoci i la implementem. Comencem?","og_url":"https:\/\/partnercomagency.com\/es\/serveis-social-media\/","og_site_name":"Partnercom Agency","article_modified_time":"2023-08-23T16:59:29+00:00","og_image":[{"url":"http:\/\/partnercomagency.com\/wp-content\/uploads\/2023\/05\/asian-blank-boss-brainstorming-business-busy-1458635-pxhere.com_-1-1024x683.webp"}],"twitter_card":"summary_large_image","twitter_misc":{"Tiempo de lectura":"3 minutos"},"schema":{"@context":"https:\/\/schema.org","@graph":[{"@type":"WebPage","@id":"https:\/\/partnercomagency.com\/serveis-social-media\/","url":"https:\/\/partnercomagency.com\/serveis-social-media\/","name":"SOCIAL MEDIA - Partnercom Agency","isPartOf":{"@id":"https:\/\/partnercomagency.com\/#website"},"datePublished":"2023-05-26T15:01:28+00:00","dateModified":"2023-08-23T16:59:29+00:00","description":"Som experts en la gesti\u00f3 de Xarxes Socials. Creem una estrat\u00e8gia que s'adapti al teu negoci i la implementem. Comencem?","breadcrumb":{"@id":"https:\/\/partnercomagency.com\/serveis-social-media\/#breadcrumb"},"inLanguage":"es","potentialAction":[{"@type":"ReadAction","target":["https:\/\/partnercomagency.com\/serveis-social-media\/"]}]},{"@type":"BreadcrumbList","@id":"https:\/\/partnercomagency.com\/serveis-social-media\/#breadcrumb","itemListElement":[{"@type":"ListItem","position":1,"name":"Portada","item":"https:\/\/partnercomagency.com\/"},{"@type":"ListItem","position":2,"name":"SOCIAL MEDIA"}]},{"@type":"WebSite","@id":"https:\/\/partnercomagency.com\/#website","url":"https:\/\/partnercomagency.com\/","name":"Partnercom Agency","description":"Ag\u00e8ncia de comunicaci\u00f3 i m\u00e0rqueting","publisher":{"@id":"https:\/\/partnercomagency.com\/#organization"},"potentialAction":[{"@type":"SearchAction","target":{"@type":"EntryPoint","urlTemplate":"https:\/\/partnercomagency.com\/?s={search_term_string}"},"query-input":"required name=search_term_string"}],"inLanguage":"es"},{"@type":"Organization","@id":"https:\/\/partnercomagency.com\/#organization","name":"Partnercom Agency","url":"https:\/\/partnercomagency.com\/","logo":{"@type":"ImageObject","inLanguage":"es","@id":"https:\/\/partnercomagency.com\/#\/schema\/logo\/image\/","url":"https:\/\/partnercomagency.com\/wp-content\/uploads\/2023\/05\/cropped-A-removebg-preview.png","contentUrl":"https:\/\/partnercomagency.com\/wp-content\/uploads\/2023\/05\/cropped-A-removebg-preview.png","width":500,"height":301,"caption":"Partnercom Agency"},"image":{"@id":"https:\/\/partnercomagency.com\/#\/schema\/logo\/image\/"}}]}},"_links":{"self":[{"href":"https:\/\/partnercomagency.com\/es\/wp-json\/wp\/v2\/pages\/192","targetHints":{"allow":["GET"]}}],"collection":[{"href":"https:\/\/partnercomagency.com\/es\/wp-json\/wp\/v2\/pages"}],"about":[{"href":"https:\/\/partnercomagency.com\/es\/wp-json\/wp\/v2\/types\/page"}],"author":[{"embeddable":true,"href":"https:\/\/partnercomagency.com\/es\/wp-json\/wp\/v2\/users\/1"}],"replies":[{"embeddable":true,"href":"https:\/\/partnercomagency.com\/es\/wp-json\/wp\/v2\/comments?post=192"}],"version-history":[{"count":108,"href":"https:\/\/partnercomagency.com\/es\/wp-json\/wp\/v2\/pages\/192\/revisions"}],"predecessor-version":[{"id":818,"href":"https:\/\/partnercomagency.com\/es\/wp-json\/wp\/v2\/pages\/192\/revisions\/818"}],"wp:attachment":[{"href":"https:\/\/partnercomagency.com\/es\/wp-json\/wp\/v2\/media?parent=192"}],"curies":[{"name":"wp","href":"https:\/\/api.w.org\/{rel}","templated":true}]}}