{"id":194,"date":"2023-05-26T15:01:40","date_gmt":"2023-05-26T15:01:40","guid":{"rendered":"http:\/\/partnercomagency.com\/?page_id=194"},"modified":"2023-08-21T10:39:28","modified_gmt":"2023-08-21T10:39:28","slug":"contacte","status":"publish","type":"page","link":"https:\/\/partnercomagency.com\/es\/contacte\/","title":{"rendered":"CONTACTO"},"content":{"rendered":"<div class=\"wp-block-cover alignfull is-light has-parallax\" style=\"min-height: 700px;aspect-ratio:unset;\">\r\n<div class=\"wp-block-cover__image-background wp-image-288 has-parallax\" style=\"background-position: 50% 50%; background-image: url('http:\/\/partnercomagency.com\/wp-content\/uploads\/2023\/05\/pexels-alex-andrews-821754-scaled.jpg');\" role=\"img\">\u00a0<\/div>\r\n<div class=\"wp-block-cover__inner-container is-layout-flow wp-block-cover-is-layout-flow\">\r\n<p class=\"has-text-align-center has-black-color has-text-color has-medium-font-size\" style=\"letter-spacing: 1px;\"><strong>\u00a1Queremos ser tu partner de comunicaci\u00f3n!<br \/>Ponte en contacto con nosotros y\u2026<br \/>empecemos este viaje juntos<\/strong>.<\/p>\r\n\r\n\r\n\r\n<div class=\"wp-block-buttons is-content-justification-center is-layout-flex wp-container-core-buttons-is-layout-16018d1d wp-block-buttons-is-layout-flex\">\r\n<div class=\"wp-block-button has-custom-font-size is-style-fill has-small-font-size\"><a class=\"wp-block-button__link has-white-color has-luminous-vivid-amber-background-color has-text-color has-background wp-element-button\" style=\"border-radius: 100px;\" href=\"https:\/\/partnercomagency.com\/es\/contacte\/\"><strong>CONT\u00c1CTANOS<\/strong><\/a><\/div>\r\n<\/div>\r\n<\/div>\r\n<\/div>\r\n\r\n\r\n\r\n<div class=\"wp-block-cover alignfull is-light\">\r\n<div class=\"wp-block-cover__inner-container is-layout-flow wp-block-cover-is-layout-flow\">\r\n<p class=\"has-text-align-left has-medium-font-size\"><strong>CONTACTO<\/strong><\/p>\r\n\r\n\r\n\r\n<div class=\"wp-block-contact-form-7-contact-form-selector\">\n<div class=\"wpcf7 no-js\" id=\"wpcf7-f280-o1\" lang=\"es-ES\" dir=\"ltr\">\n<div class=\"screen-reader-response\"><p role=\"status\" aria-live=\"polite\" aria-atomic=\"true\"><\/p> <ul><\/ul><\/div>\n<form action=\"\/es\/wp-json\/wp\/v2\/pages\/194#wpcf7-f280-o1\" method=\"post\" class=\"wpcf7-form init wpcf7-acceptance-as-validation\" aria-label=\"Formulario de contacto\" novalidate=\"novalidate\" data-status=\"init\" data-trp-original-action=\"\/es\/wp-json\/wp\/v2\/pages\/194#wpcf7-f280-o1\">\n<div style=\"display: none;\">\n<input type=\"hidden\" name=\"_wpcf7\" value=\"280\" \/>\n<input type=\"hidden\" name=\"_wpcf7_version\" value=\"5.7.6\" \/>\n<input type=\"hidden\" name=\"_wpcf7_locale\" value=\"es_ES\" \/>\n<input type=\"hidden\" name=\"_wpcf7_unit_tag\" value=\"wpcf7-f280-o1\" \/>\n<input type=\"hidden\" name=\"_wpcf7_container_post\" value=\"0\" \/>\n<input type=\"hidden\" name=\"_wpcf7_posted_data_hash\" value=\"\" \/>\n<\/div>\n<p><label> Nombre<br \/>\n<span class=\"wpcf7-form-control-wrap\" data-name=\"your-name\"><input size=\"40\" class=\"wpcf7-form-control wpcf7-text wpcf7-validates-as-required\" autocomplete=\"name\" aria-required=\"true\" aria-invalid=\"false\" value=\"\" type=\"text\" name=\"your-name\" \/><\/span> <\/label>\n<\/p>\n<p><label> Email<br \/>\n<span class=\"wpcf7-form-control-wrap\" data-name=\"your-email\"><input size=\"40\" class=\"wpcf7-form-control wpcf7-text wpcf7-email wpcf7-validates-as-required wpcf7-validates-as-email\" autocomplete=\"email\" aria-required=\"true\" aria-invalid=\"false\" value=\"\" type=\"email\" name=\"your-email\" \/><\/span> <\/label>\n<\/p>\n<p><label> Tel\u00e9fono<br \/>\n<span class=\"wpcf7-form-control-wrap\" data-name=\"your-subject\"><input size=\"40\" class=\"wpcf7-form-control wpcf7-text wpcf7-validates-as-required\" aria-required=\"true\" aria-invalid=\"false\" value=\"\" type=\"text\" name=\"your-subject\" \/><\/span> <\/label>\n<\/p>\n<p><label> Mensaje (opcional)<br \/>\n<span class=\"wpcf7-form-control-wrap\" data-name=\"your-message\"><textarea cols=\"40\" rows=\"10\" class=\"wpcf7-form-control wpcf7-textarea\" aria-invalid=\"false\" name=\"your-message\"><\/textarea><\/span> <\/label>\n<\/p>\n<p><input class=\"wpcf7-form-control has-spinner wpcf7-submit\" type=\"submit\" value=\"Enviar\" \/>\n<\/p><div class=\"wpcf7-response-output\" aria-hidden=\"true\"><\/div>\n<input type=\"hidden\" name=\"trp-form-language\" value=\"es\"\/><\/form>\n<\/div>\n<\/div>\r\n<\/div>\r\n<\/div>","protected":false},"excerpt":{"rendered":"","protected":false},"author":1,"featured_media":0,"parent":0,"menu_order":0,"comment_status":"closed","ping_status":"closed","template":"","meta":{"footnotes":""},"class_list":["post-194","page","type-page","status-publish","hentry"],"yoast_head":"<!-- This site is optimized with the Yoast SEO plugin v20.8 - https:\/\/yoast.com\/wordpress\/plugins\/seo\/ -->\n<title>CONTACTE - Partnercom Agency<\/title>\n<meta name=\"description\" content=\"Posa&#039;t en contacte amb nosaltres i estarem encantats de contestar-te. Partnercom Agency t&#039;ajudar\u00e0 a fer cr\u00e9ixer el teu negoci.\" \/>\n<meta name=\"robots\" content=\"index, follow, max-snippet:-1, max-image-preview:large, max-video-preview:-1\" \/>\n<link rel=\"canonical\" href=\"https:\/\/partnercomagency.com\/es\/contacte\/\" \/>\n<meta property=\"og:locale\" content=\"es_ES\" \/>\n<meta property=\"og:type\" content=\"article\" \/>\n<meta property=\"og:title\" content=\"CONTACTE - Partnercom Agency\" \/>\n<meta property=\"og:description\" content=\"Posa&#039;t en contacte amb nosaltres i estarem encantats de contestar-te. Partnercom Agency t&#039;ajudar\u00e0 a fer cr\u00e9ixer el teu negoci.\" \/>\n<meta property=\"og:url\" content=\"https:\/\/partnercomagency.com\/es\/contacte\/\" \/>\n<meta property=\"og:site_name\" content=\"Partnercom Agency\" \/>\n<meta property=\"article:modified_time\" content=\"2023-08-21T10:39:28+00:00\" \/>\n<meta name=\"twitter:card\" content=\"summary_large_image\" \/>\n<meta name=\"twitter:label1\" content=\"Tiempo de lectura\" \/>\n\t<meta name=\"twitter:data1\" content=\"1 minuto\" \/>\n<script type=\"application\/ld+json\" class=\"yoast-schema-graph\">{\"@context\":\"https:\/\/schema.org\",\"@graph\":[{\"@type\":\"WebPage\",\"@id\":\"https:\/\/partnercomagency.com\/contacte\/\",\"url\":\"https:\/\/partnercomagency.com\/contacte\/\",\"name\":\"CONTACTE - Partnercom Agency\",\"isPartOf\":{\"@id\":\"https:\/\/partnercomagency.com\/#website\"},\"datePublished\":\"2023-05-26T15:01:40+00:00\",\"dateModified\":\"2023-08-21T10:39:28+00:00\",\"description\":\"Posa't en contacte amb nosaltres i estarem encantats de contestar-te. Partnercom Agency t'ajudar\u00e0 a fer cr\u00e9ixer el teu negoci.\",\"breadcrumb\":{\"@id\":\"https:\/\/partnercomagency.com\/contacte\/#breadcrumb\"},\"inLanguage\":\"es\",\"potentialAction\":[{\"@type\":\"ReadAction\",\"target\":[\"https:\/\/partnercomagency.com\/contacte\/\"]}]},{\"@type\":\"BreadcrumbList\",\"@id\":\"https:\/\/partnercomagency.com\/contacte\/#breadcrumb\",\"itemListElement\":[{\"@type\":\"ListItem\",\"position\":1,\"name\":\"Portada\",\"item\":\"https:\/\/partnercomagency.com\/\"},{\"@type\":\"ListItem\",\"position\":2,\"name\":\"CONTACTE\"}]},{\"@type\":\"WebSite\",\"@id\":\"https:\/\/partnercomagency.com\/#website\",\"url\":\"https:\/\/partnercomagency.com\/\",\"name\":\"Partnercom Agency\",\"description\":\"Ag\u00e8ncia de comunicaci\u00f3 i m\u00e0rqueting\",\"publisher\":{\"@id\":\"https:\/\/partnercomagency.com\/#organization\"},\"potentialAction\":[{\"@type\":\"SearchAction\",\"target\":{\"@type\":\"EntryPoint\",\"urlTemplate\":\"https:\/\/partnercomagency.com\/?s={search_term_string}\"},\"query-input\":\"required name=search_term_string\"}],\"inLanguage\":\"es\"},{\"@type\":\"Organization\",\"@id\":\"https:\/\/partnercomagency.com\/#organization\",\"name\":\"Partnercom Agency\",\"url\":\"https:\/\/partnercomagency.com\/\",\"logo\":{\"@type\":\"ImageObject\",\"inLanguage\":\"es\",\"@id\":\"https:\/\/partnercomagency.com\/#\/schema\/logo\/image\/\",\"url\":\"https:\/\/partnercomagency.com\/wp-content\/uploads\/2023\/05\/cropped-A-removebg-preview.png\",\"contentUrl\":\"https:\/\/partnercomagency.com\/wp-content\/uploads\/2023\/05\/cropped-A-removebg-preview.png\",\"width\":500,\"height\":301,\"caption\":\"Partnercom Agency\"},\"image\":{\"@id\":\"https:\/\/partnercomagency.com\/#\/schema\/logo\/image\/\"}}]}<\/script>\n<!-- \/ Yoast SEO plugin. -->","yoast_head_json":{"title":"CONTACTE - Partnercom Agency","description":"Posa't en contacte amb nosaltres i estarem encantats de contestar-te. Partnercom Agency t'ajudar\u00e0 a fer cr\u00e9ixer el teu negoci.","robots":{"index":"index","follow":"follow","max-snippet":"max-snippet:-1","max-image-preview":"max-image-preview:large","max-video-preview":"max-video-preview:-1"},"canonical":"https:\/\/partnercomagency.com\/es\/contacte\/","og_locale":"es_ES","og_type":"article","og_title":"CONTACTE - Partnercom Agency","og_description":"Posa't en contacte amb nosaltres i estarem encantats de contestar-te. Partnercom Agency t'ajudar\u00e0 a fer cr\u00e9ixer el teu negoci.","og_url":"https:\/\/partnercomagency.com\/es\/contacte\/","og_site_name":"Partnercom Agency","article_modified_time":"2023-08-21T10:39:28+00:00","twitter_card":"summary_large_image","twitter_misc":{"Tiempo de lectura":"1 minuto"},"schema":{"@context":"https:\/\/schema.org","@graph":[{"@type":"WebPage","@id":"https:\/\/partnercomagency.com\/contacte\/","url":"https:\/\/partnercomagency.com\/contacte\/","name":"CONTACTE - Partnercom Agency","isPartOf":{"@id":"https:\/\/partnercomagency.com\/#website"},"datePublished":"2023-05-26T15:01:40+00:00","dateModified":"2023-08-21T10:39:28+00:00","description":"Posa't en contacte amb nosaltres i estarem encantats de contestar-te. Partnercom Agency t'ajudar\u00e0 a fer cr\u00e9ixer el teu negoci.","breadcrumb":{"@id":"https:\/\/partnercomagency.com\/contacte\/#breadcrumb"},"inLanguage":"es","potentialAction":[{"@type":"ReadAction","target":["https:\/\/partnercomagency.com\/contacte\/"]}]},{"@type":"BreadcrumbList","@id":"https:\/\/partnercomagency.com\/contacte\/#breadcrumb","itemListElement":[{"@type":"ListItem","position":1,"name":"Portada","item":"https:\/\/partnercomagency.com\/"},{"@type":"ListItem","position":2,"name":"CONTACTE"}]},{"@type":"WebSite","@id":"https:\/\/partnercomagency.com\/#website","url":"https:\/\/partnercomagency.com\/","name":"Partnercom Agency","description":"Ag\u00e8ncia de comunicaci\u00f3 i m\u00e0rqueting","publisher":{"@id":"https:\/\/partnercomagency.com\/#organization"},"potentialAction":[{"@type":"SearchAction","target":{"@type":"EntryPoint","urlTemplate":"https:\/\/partnercomagency.com\/?s={search_term_string}"},"query-input":"required name=search_term_string"}],"inLanguage":"es"},{"@type":"Organization","@id":"https:\/\/partnercomagency.com\/#organization","name":"Partnercom Agency","url":"https:\/\/partnercomagency.com\/","logo":{"@type":"ImageObject","inLanguage":"es","@id":"https:\/\/partnercomagency.com\/#\/schema\/logo\/image\/","url":"https:\/\/partnercomagency.com\/wp-content\/uploads\/2023\/05\/cropped-A-removebg-preview.png","contentUrl":"https:\/\/partnercomagency.com\/wp-content\/uploads\/2023\/05\/cropped-A-removebg-preview.png","width":500,"height":301,"caption":"Partnercom Agency"},"image":{"@id":"https:\/\/partnercomagency.com\/#\/schema\/logo\/image\/"}}]}},"_links":{"self":[{"href":"https:\/\/partnercomagency.com\/es\/wp-json\/wp\/v2\/pages\/194","targetHints":{"allow":["GET"]}}],"collection":[{"href":"https:\/\/partnercomagency.com\/es\/wp-json\/wp\/v2\/pages"}],"about":[{"href":"https:\/\/partnercomagency.com\/es\/wp-json\/wp\/v2\/types\/page"}],"author":[{"embeddable":true,"href":"https:\/\/partnercomagency.com\/es\/wp-json\/wp\/v2\/users\/1"}],"replies":[{"embeddable":true,"href":"https:\/\/partnercomagency.com\/es\/wp-json\/wp\/v2\/comments?post=194"}],"version-history":[{"count":18,"href":"https:\/\/partnercomagency.com\/es\/wp-json\/wp\/v2\/pages\/194\/revisions"}],"predecessor-version":[{"id":802,"href":"https:\/\/partnercomagency.com\/es\/wp-json\/wp\/v2\/pages\/194\/revisions\/802"}],"wp:attachment":[{"href":"https:\/\/partnercomagency.com\/es\/wp-json\/wp\/v2\/media?parent=194"}],"curies":[{"name":"wp","href":"https:\/\/api.w.org\/{rel}","templated":true}]}}