{"id":320,"date":"2023-05-30T17:15:28","date_gmt":"2023-05-30T17:15:28","guid":{"rendered":"http:\/\/partnercomagency.com\/?page_id=320"},"modified":"2023-08-23T15:46:24","modified_gmt":"2023-08-23T15:46:24","slug":"blog","status":"publish","type":"page","link":"https:\/\/partnercomagency.com\/es\/blog\/","title":{"rendered":"BLOG"},"content":{"rendered":"<div class=\"wp-block-cover alignfull is-light\" style=\"min-height:700px;aspect-ratio:unset;\"><span aria-hidden=\"true\" class=\"wp-block-cover__background has-background-dim-20 has-background-dim\"><\/span><img loading=\"lazy\" decoding=\"async\" width=\"1280\" height=\"853\" class=\"wp-block-cover__image-background wp-image-278\" alt=\"\" src=\"http:\/\/partnercomagency.com\/wp-content\/uploads\/2023\/05\/marble-g2a459d93f_1280-2.jpg\" data-object-fit=\"cover\" srcset=\"https:\/\/partnercomagency.com\/wp-content\/uploads\/2023\/05\/marble-g2a459d93f_1280-2.jpg 1280w, https:\/\/partnercomagency.com\/wp-content\/uploads\/2023\/05\/marble-g2a459d93f_1280-2-300x200.jpg 300w, https:\/\/partnercomagency.com\/wp-content\/uploads\/2023\/05\/marble-g2a459d93f_1280-2-1024x682.jpg 1024w, https:\/\/partnercomagency.com\/wp-content\/uploads\/2023\/05\/marble-g2a459d93f_1280-2-768x512.jpg 768w\" sizes=\"auto, (max-width: 1280px) 100vw, 1280px\" \/><div class=\"wp-block-cover__inner-container is-layout-flow wp-block-cover-is-layout-flow\">\n<p class=\"has-text-align-center has-black-color has-text-color has-medium-font-size\" style=\"letter-spacing:1px\"><br><strong>Realizamos publicaciones mensuales<br>de contenidos de comunicaci\u00f3n y marketing \u00fatiles para tu negocio<\/strong><\/p>\n\n\n\n<div class=\"wp-block-buttons is-content-justification-center is-layout-flex wp-container-core-buttons-is-layout-16018d1d wp-block-buttons-is-layout-flex\">\n<div class=\"wp-block-button has-custom-font-size is-style-fill has-small-font-size\"><a class=\"wp-block-button__link has-white-color has-luminous-vivid-amber-background-color has-text-color has-background wp-element-button\" href=\"https:\/\/partnercomagency.com\/es\/contacte\/\" style=\"border-radius:100px\"><strong>CONT\u00c1CTANOS<\/strong><\/a><\/div>\n<\/div>\n<\/div><\/div>\n\n\n<ul class=\"wp-block-latest-posts__list has-dates a.wp-block-latest-posts__post-title {   font-size: 24px;   color: #000000;   text-transform: uppercase;   text-decoration: none;   font-weight: 700;   font-style: normal; }  div ul li {    } wp-block-latest-posts\"><li><div class=\"wp-block-latest-posts__featured-image\"><a href=\"https:\/\/partnercomagency.com\/es\/la-importancia-de-les-xarxes-socials-a-les-empreses\/\" aria-label=\"La importancia de las Redes Sociales para tu negocio\"><img loading=\"lazy\" decoding=\"async\" width=\"950\" height=\"634\" src=\"https:\/\/partnercomagency.com\/wp-content\/uploads\/2023\/05\/pexels-tracy-le-blanc-607812-1024x683.jpg\" class=\"attachment-large size-large wp-post-image\" alt=\"\" style=\"\" srcset=\"https:\/\/partnercomagency.com\/wp-content\/uploads\/2023\/05\/pexels-tracy-le-blanc-607812-1024x683.jpg 1024w, https:\/\/partnercomagency.com\/wp-content\/uploads\/2023\/05\/pexels-tracy-le-blanc-607812-300x200.jpg 300w, https:\/\/partnercomagency.com\/wp-content\/uploads\/2023\/05\/pexels-tracy-le-blanc-607812-768x512.jpg 768w, https:\/\/partnercomagency.com\/wp-content\/uploads\/2023\/05\/pexels-tracy-le-blanc-607812-1536x1024.jpg 1536w, https:\/\/partnercomagency.com\/wp-content\/uploads\/2023\/05\/pexels-tracy-le-blanc-607812-2048x1365.jpg 2048w, https:\/\/partnercomagency.com\/wp-content\/uploads\/2023\/05\/pexels-tracy-le-blanc-607812-2000x1333.jpg 2000w\" sizes=\"auto, 100vw\" \/><\/a><\/div><a class=\"wp-block-latest-posts__post-title\" href=\"https:\/\/partnercomagency.com\/es\/la-importancia-de-les-xarxes-socials-a-les-empreses\/\">La importancia de las Redes Sociales para tu negocio<\/a><time datetime=\"2023-05-30T17:19:16+00:00\" class=\"wp-block-latest-posts__post-date\">mayo 30, 2023<\/time><div class=\"wp-block-latest-posts__post-excerpt\">En els \u00faltims anys la digitalitzaci\u00f3 ha crescut exponencialment. De la mateixa manera que ho han fet les xarxes socials &hellip; <p class=\"link-more\"><a href=\"https:\/\/partnercomagency.com\/es\/la-importancia-de-les-xarxes-socials-a-les-empreses\/\" class=\"more-link\">Leer m\u00e1s<span class=\"screen-reader-text\"> \u00abLa import\u00e0ncia de les Xarxes Socials pel teu negoci\u00bb<\/span><\/a><\/p><\/div><\/li>\n<\/ul>\n\n\n<div class=\"wp-block-query is-layout-flow wp-block-query-is-layout-flow\">\n\n<\/div>\n\n\n\n<p class=\"has-text-align-center has-white-color has-text-color\" style=\"font-size:70px;font-style:normal;font-weight:900\">&nbsp;<\/p>\n\n\n\n<div style=\"height:55px\" aria-hidden=\"true\" class=\"wp-block-spacer\"><\/div>\n\n\n\n<div class=\"wp-block-cover alignfull has-parallax is-position-center-center\" style=\"min-height:375px;aspect-ratio:unset;\"><span aria-hidden=\"true\" class=\"wp-block-cover__background has-black-background-color has-background-dim-70 has-background-dim\"><\/span><div role=\"img\" class=\"wp-block-cover__image-background wp-image-24 has-parallax\" style=\"background-position:50% 50%;background-image:url(http:\/\/partnercomagency.com\/wp-content\/themes\/inspiro\/assets\/images\/StockSnap_89BQZ89TLH.jpg)\"><\/div><div class=\"wp-block-cover__inner-container is-layout-flow wp-block-cover-is-layout-flow\">\n<h3 class=\"wp-block-heading has-text-align-center has-white-color has-text-color\" style=\"font-size:26px;letter-spacing:1px;text-transform:uppercase\"><strong>\u00bfEMPEZAMOS EL VIAJE JUNTOS?<\/strong><\/h3>\n\n\n\n<p class=\"has-text-align-center has-white-color has-text-color\">Potenciaremos tu negocio.<\/p>\n\n\n\n<div class=\"wp-block-buttons is-horizontal is-content-justification-center is-layout-flex wp-container-core-buttons-is-layout-499968f5 wp-block-buttons-is-layout-flex\">\n<div class=\"wp-block-button has-custom-font-size is-style-fill has-small-font-size\"><a class=\"wp-block-button__link has-white-color has-luminous-vivid-amber-background-color has-text-color has-background wp-element-button\" href=\"https:\/\/partnercomagency.com\/es\/contacte\/\" style=\"border-radius:100px\"><strong>CONT\u00c1CTANOS<\/strong><\/a><\/div>\n<\/div>\n<\/div><\/div>","protected":false},"excerpt":{"rendered":"<p>&nbsp;<\/p>","protected":false},"author":1,"featured_media":0,"parent":0,"menu_order":0,"comment_status":"closed","ping_status":"closed","template":"","meta":{"footnotes":""},"class_list":["post-320","page","type-page","status-publish","hentry"],"yoast_head":"<!-- This site is optimized with the Yoast SEO plugin v20.8 - https:\/\/yoast.com\/wordpress\/plugins\/seo\/ -->\n<title>BLOG - Partnercom Agency<\/title>\n<meta name=\"description\" content=\"Des de Partnercom Agency realitzem publicacions de blog mensuals de comunicaci\u00f3 i m\u00e0rqueting que seran \u00fatils pel teu negoci. Consulta&#039;ls!\" \/>\n<meta name=\"robots\" content=\"index, follow, max-snippet:-1, max-image-preview:large, max-video-preview:-1\" \/>\n<link rel=\"canonical\" href=\"https:\/\/partnercomagency.com\/es\/blog\/\" \/>\n<meta property=\"og:locale\" content=\"es_ES\" \/>\n<meta property=\"og:type\" content=\"article\" \/>\n<meta property=\"og:title\" content=\"BLOG - Partnercom Agency\" \/>\n<meta property=\"og:description\" content=\"Des de Partnercom Agency realitzem publicacions de blog mensuals de comunicaci\u00f3 i m\u00e0rqueting que seran \u00fatils pel teu negoci. Consulta&#039;ls!\" \/>\n<meta property=\"og:url\" content=\"https:\/\/partnercomagency.com\/es\/blog\/\" \/>\n<meta property=\"og:site_name\" content=\"Partnercom Agency\" \/>\n<meta property=\"article:modified_time\" content=\"2023-08-23T15:46:24+00:00\" \/>\n<meta property=\"og:image\" content=\"http:\/\/partnercomagency.com\/wp-content\/uploads\/2023\/05\/marble-g2a459d93f_1280-2.jpg\" \/>\n<meta name=\"twitter:card\" content=\"summary_large_image\" \/>\n<meta name=\"twitter:label1\" content=\"Tiempo de lectura\" \/>\n\t<meta name=\"twitter:data1\" content=\"1 minuto\" \/>\n<script type=\"application\/ld+json\" class=\"yoast-schema-graph\">{\"@context\":\"https:\/\/schema.org\",\"@graph\":[{\"@type\":\"WebPage\",\"@id\":\"https:\/\/partnercomagency.com\/blog\/\",\"url\":\"https:\/\/partnercomagency.com\/blog\/\",\"name\":\"BLOG - Partnercom Agency\",\"isPartOf\":{\"@id\":\"https:\/\/partnercomagency.com\/#website\"},\"datePublished\":\"2023-05-30T17:15:28+00:00\",\"dateModified\":\"2023-08-23T15:46:24+00:00\",\"description\":\"Des de Partnercom Agency realitzem publicacions de blog mensuals de comunicaci\u00f3 i m\u00e0rqueting que seran \u00fatils pel teu negoci. Consulta'ls!\",\"breadcrumb\":{\"@id\":\"https:\/\/partnercomagency.com\/blog\/#breadcrumb\"},\"inLanguage\":\"es\",\"potentialAction\":[{\"@type\":\"ReadAction\",\"target\":[\"https:\/\/partnercomagency.com\/blog\/\"]}]},{\"@type\":\"BreadcrumbList\",\"@id\":\"https:\/\/partnercomagency.com\/blog\/#breadcrumb\",\"itemListElement\":[{\"@type\":\"ListItem\",\"position\":1,\"name\":\"Portada\",\"item\":\"https:\/\/partnercomagency.com\/\"},{\"@type\":\"ListItem\",\"position\":2,\"name\":\"BLOG\"}]},{\"@type\":\"WebSite\",\"@id\":\"https:\/\/partnercomagency.com\/#website\",\"url\":\"https:\/\/partnercomagency.com\/\",\"name\":\"Partnercom Agency\",\"description\":\"Ag\u00e8ncia de comunicaci\u00f3 i m\u00e0rqueting\",\"publisher\":{\"@id\":\"https:\/\/partnercomagency.com\/#organization\"},\"potentialAction\":[{\"@type\":\"SearchAction\",\"target\":{\"@type\":\"EntryPoint\",\"urlTemplate\":\"https:\/\/partnercomagency.com\/?s={search_term_string}\"},\"query-input\":\"required name=search_term_string\"}],\"inLanguage\":\"es\"},{\"@type\":\"Organization\",\"@id\":\"https:\/\/partnercomagency.com\/#organization\",\"name\":\"Partnercom Agency\",\"url\":\"https:\/\/partnercomagency.com\/\",\"logo\":{\"@type\":\"ImageObject\",\"inLanguage\":\"es\",\"@id\":\"https:\/\/partnercomagency.com\/#\/schema\/logo\/image\/\",\"url\":\"https:\/\/partnercomagency.com\/wp-content\/uploads\/2023\/05\/cropped-A-removebg-preview.png\",\"contentUrl\":\"https:\/\/partnercomagency.com\/wp-content\/uploads\/2023\/05\/cropped-A-removebg-preview.png\",\"width\":500,\"height\":301,\"caption\":\"Partnercom Agency\"},\"image\":{\"@id\":\"https:\/\/partnercomagency.com\/#\/schema\/logo\/image\/\"}}]}<\/script>\n<!-- \/ Yoast SEO plugin. -->","yoast_head_json":{"title":"BLOG - Partnercom Agency","description":"Des de Partnercom Agency realitzem publicacions de blog mensuals de comunicaci\u00f3 i m\u00e0rqueting que seran \u00fatils pel teu negoci. Consulta'ls!","robots":{"index":"index","follow":"follow","max-snippet":"max-snippet:-1","max-image-preview":"max-image-preview:large","max-video-preview":"max-video-preview:-1"},"canonical":"https:\/\/partnercomagency.com\/es\/blog\/","og_locale":"es_ES","og_type":"article","og_title":"BLOG - Partnercom Agency","og_description":"Des de Partnercom Agency realitzem publicacions de blog mensuals de comunicaci\u00f3 i m\u00e0rqueting que seran \u00fatils pel teu negoci. Consulta'ls!","og_url":"https:\/\/partnercomagency.com\/es\/blog\/","og_site_name":"Partnercom Agency","article_modified_time":"2023-08-23T15:46:24+00:00","og_image":[{"url":"http:\/\/partnercomagency.com\/wp-content\/uploads\/2023\/05\/marble-g2a459d93f_1280-2.jpg"}],"twitter_card":"summary_large_image","twitter_misc":{"Tiempo de lectura":"1 minuto"},"schema":{"@context":"https:\/\/schema.org","@graph":[{"@type":"WebPage","@id":"https:\/\/partnercomagency.com\/blog\/","url":"https:\/\/partnercomagency.com\/blog\/","name":"BLOG - Partnercom Agency","isPartOf":{"@id":"https:\/\/partnercomagency.com\/#website"},"datePublished":"2023-05-30T17:15:28+00:00","dateModified":"2023-08-23T15:46:24+00:00","description":"Des de Partnercom Agency realitzem publicacions de blog mensuals de comunicaci\u00f3 i m\u00e0rqueting que seran \u00fatils pel teu negoci. Consulta'ls!","breadcrumb":{"@id":"https:\/\/partnercomagency.com\/blog\/#breadcrumb"},"inLanguage":"es","potentialAction":[{"@type":"ReadAction","target":["https:\/\/partnercomagency.com\/blog\/"]}]},{"@type":"BreadcrumbList","@id":"https:\/\/partnercomagency.com\/blog\/#breadcrumb","itemListElement":[{"@type":"ListItem","position":1,"name":"Portada","item":"https:\/\/partnercomagency.com\/"},{"@type":"ListItem","position":2,"name":"BLOG"}]},{"@type":"WebSite","@id":"https:\/\/partnercomagency.com\/#website","url":"https:\/\/partnercomagency.com\/","name":"Partnercom Agency","description":"Ag\u00e8ncia de comunicaci\u00f3 i m\u00e0rqueting","publisher":{"@id":"https:\/\/partnercomagency.com\/#organization"},"potentialAction":[{"@type":"SearchAction","target":{"@type":"EntryPoint","urlTemplate":"https:\/\/partnercomagency.com\/?s={search_term_string}"},"query-input":"required name=search_term_string"}],"inLanguage":"es"},{"@type":"Organization","@id":"https:\/\/partnercomagency.com\/#organization","name":"Partnercom Agency","url":"https:\/\/partnercomagency.com\/","logo":{"@type":"ImageObject","inLanguage":"es","@id":"https:\/\/partnercomagency.com\/#\/schema\/logo\/image\/","url":"https:\/\/partnercomagency.com\/wp-content\/uploads\/2023\/05\/cropped-A-removebg-preview.png","contentUrl":"https:\/\/partnercomagency.com\/wp-content\/uploads\/2023\/05\/cropped-A-removebg-preview.png","width":500,"height":301,"caption":"Partnercom Agency"},"image":{"@id":"https:\/\/partnercomagency.com\/#\/schema\/logo\/image\/"}}]}},"_links":{"self":[{"href":"https:\/\/partnercomagency.com\/es\/wp-json\/wp\/v2\/pages\/320","targetHints":{"allow":["GET"]}}],"collection":[{"href":"https:\/\/partnercomagency.com\/es\/wp-json\/wp\/v2\/pages"}],"about":[{"href":"https:\/\/partnercomagency.com\/es\/wp-json\/wp\/v2\/types\/page"}],"author":[{"embeddable":true,"href":"https:\/\/partnercomagency.com\/es\/wp-json\/wp\/v2\/users\/1"}],"replies":[{"embeddable":true,"href":"https:\/\/partnercomagency.com\/es\/wp-json\/wp\/v2\/comments?post=320"}],"version-history":[{"count":16,"href":"https:\/\/partnercomagency.com\/es\/wp-json\/wp\/v2\/pages\/320\/revisions"}],"predecessor-version":[{"id":817,"href":"https:\/\/partnercomagency.com\/es\/wp-json\/wp\/v2\/pages\/320\/revisions\/817"}],"wp:attachment":[{"href":"https:\/\/partnercomagency.com\/es\/wp-json\/wp\/v2\/media?parent=320"}],"curies":[{"name":"wp","href":"https:\/\/api.w.org\/{rel}","templated":true}]}}