{"id":390,"date":"2023-05-30T19:05:28","date_gmt":"2023-05-30T19:05:28","guid":{"rendered":"http:\/\/partnercomagency.com\/?page_id=390"},"modified":"2023-08-23T17:17:40","modified_gmt":"2023-08-23T17:17:40","slug":"serveis-email-marketing","status":"publish","type":"page","link":"https:\/\/partnercomagency.com\/es\/serveis-email-marketing\/","title":{"rendered":"EMAIL MARKETING"},"content":{"rendered":"<div class=\"wp-block-cover alignfull is-light\" style=\"min-height:700px;aspect-ratio:unset;\"><span aria-hidden=\"true\" class=\"wp-block-cover__background has-background-dim-20 has-background-dim\"><\/span><img loading=\"lazy\" decoding=\"async\" width=\"2560\" height=\"1706\" class=\"wp-block-cover__image-background wp-image-254\" alt=\"\" src=\"http:\/\/partnercomagency.com\/wp-content\/uploads\/2023\/05\/philip-myrtorp-iiqpxCg2GD4-unsplash-1-scaled.jpg\" data-object-fit=\"cover\" srcset=\"https:\/\/partnercomagency.com\/wp-content\/uploads\/2023\/05\/philip-myrtorp-iiqpxCg2GD4-unsplash-1-scaled.jpg 2560w, https:\/\/partnercomagency.com\/wp-content\/uploads\/2023\/05\/philip-myrtorp-iiqpxCg2GD4-unsplash-1-300x200.jpg 300w, https:\/\/partnercomagency.com\/wp-content\/uploads\/2023\/05\/philip-myrtorp-iiqpxCg2GD4-unsplash-1-1024x683.jpg 1024w, https:\/\/partnercomagency.com\/wp-content\/uploads\/2023\/05\/philip-myrtorp-iiqpxCg2GD4-unsplash-1-768x512.jpg 768w, https:\/\/partnercomagency.com\/wp-content\/uploads\/2023\/05\/philip-myrtorp-iiqpxCg2GD4-unsplash-1-1536x1024.jpg 1536w, https:\/\/partnercomagency.com\/wp-content\/uploads\/2023\/05\/philip-myrtorp-iiqpxCg2GD4-unsplash-1-2048x1365.jpg 2048w, https:\/\/partnercomagency.com\/wp-content\/uploads\/2023\/05\/philip-myrtorp-iiqpxCg2GD4-unsplash-1-2000x1333.jpg 2000w\" sizes=\"auto, (max-width: 2560px) 100vw, 2560px\" \/><div class=\"wp-block-cover__inner-container is-layout-flow wp-block-cover-is-layout-flow\">\n<p class=\"has-text-align-center has-white-color has-text-color has-medium-font-size\" style=\"letter-spacing:1px\">Nuestros servicios har\u00e1n volar tu negocio gracias a un aumento de visibilidad y ventas<\/p>\n\n\n\n<div class=\"wp-block-buttons is-content-justification-center is-layout-flex wp-container-core-buttons-is-layout-16018d1d wp-block-buttons-is-layout-flex\">\n<div class=\"wp-block-button has-custom-font-size is-style-fill has-small-font-size\"><a class=\"wp-block-button__link has-white-color has-luminous-vivid-amber-background-color has-text-color has-background wp-element-button\" href=\"https:\/\/partnercomagency.com\/es\/contacte\/\" style=\"border-radius:100px\"><strong>cont\u00e1ctanos<\/strong><\/a><\/div>\n<\/div>\n<\/div><\/div>\n\n\n\n<div style=\"height:40px\" aria-hidden=\"true\" class=\"wp-block-spacer\"><\/div>\n\n\n\n<h2 class=\"wp-block-heading has-text-align-center\">AGENCIA EMAIL MARKETING<\/h2>\n\n\n\n<div style=\"height:40px\" aria-hidden=\"true\" class=\"wp-block-spacer\"><\/div>\n\n\n\n<div class=\"wp-block-columns is-layout-flex wp-container-core-columns-is-layout-9d6595d7 wp-block-columns-is-layout-flex\">\n<div class=\"wp-block-column is-layout-flow wp-block-column-is-layout-flow\" style=\"flex-basis:100%\">\n<div class=\"wp-block-group\"><div class=\"wp-block-group__inner-container is-layout-flow wp-block-group-is-layout-flow\">\n<p class=\"has-text-align-center\">Segur que has sentit a parlar&nbsp;desenes&nbsp;de vegades de l&#8217;Email&nbsp;Marketing.<br>\u00bfPero sab\u00edas que es uno de los canales del marketing digital m\u00e1s efectivo?<br>L&#8217;enviament de correus electr\u00f2nics oferint contingut d&#8217;inter\u00e8s a un conjunt de contactes, analitzats i seleccionats de forma&nbsp;pr\u00e8via, \u00e9s una acci\u00f3 cada vegada m\u00e9s utilitzada pels negocis.<br>I des de&nbsp;Partnercom&nbsp;Agency&nbsp;estem especialitzats en la creaci\u00f3 de campanyes d&#8217;Email&nbsp;Marketing&nbsp;que t&#8217;ajudaran a captar a nous clients i a fidelitzar als&nbsp;actuals.<\/p>\n<\/div><\/div>\n<\/div>\n<\/div>\n\n\n\n<div style=\"height:40px\" aria-hidden=\"true\" class=\"wp-block-spacer\"><\/div>\n\n\n\n<div class=\"wp-block-cover alignfull is-light\"><span aria-hidden=\"true\" class=\"wp-block-cover__background has-luminous-vivid-amber-background-color has-background-dim-100 has-background-dim\"><\/span><div class=\"wp-block-cover__inner-container is-layout-flow wp-block-cover-is-layout-flow\">\n<div style=\"height:20px\" aria-hidden=\"true\" class=\"wp-block-spacer\"><\/div>\n\n\n\n<h2 class=\"wp-block-heading has-text-align-center\">SERVICIOS DE EMAIL MARKETING<\/h2>\n\n\n\n<div style=\"height:50px\" aria-hidden=\"true\" class=\"wp-block-spacer\"><\/div>\n\n\n\n<div class=\"wp-block-columns is-layout-flex wp-container-core-columns-is-layout-9d6595d7 wp-block-columns-is-layout-flex\">\n<div class=\"wp-block-column is-layout-flow wp-block-column-is-layout-flow\">\n<div class=\"wp-block-cover alignwide\"><span aria-hidden=\"true\" class=\"wp-block-cover__background has-background-dim\"><\/span><img loading=\"lazy\" decoding=\"async\" width=\"576\" height=\"1024\" class=\"wp-block-cover__image-background wp-image-550\" alt=\"\" src=\"http:\/\/partnercomagency.com\/wp-content\/uploads\/2023\/05\/Diseno-sin-titulo-16-1-576x1024.png\" data-object-fit=\"cover\" srcset=\"https:\/\/partnercomagency.com\/wp-content\/uploads\/2023\/05\/Diseno-sin-titulo-16-1-576x1024.png 576w, https:\/\/partnercomagency.com\/wp-content\/uploads\/2023\/05\/Diseno-sin-titulo-16-1-169x300.png 169w, https:\/\/partnercomagency.com\/wp-content\/uploads\/2023\/05\/Diseno-sin-titulo-16-1-768x1365.png 768w, https:\/\/partnercomagency.com\/wp-content\/uploads\/2023\/05\/Diseno-sin-titulo-16-1-864x1536.png 864w, https:\/\/partnercomagency.com\/wp-content\/uploads\/2023\/05\/Diseno-sin-titulo-16-1.png 1080w\" sizes=\"auto, (max-width: 576px) 100vw, 576px\" \/><div class=\"wp-block-cover__inner-container is-layout-flow wp-block-cover-is-layout-flow\">\n<p class=\"has-text-align-center has-white-color has-text-color has-medium-font-size\"><strong>Dise\u00f1o Newsletter<\/strong><\/p>\n\n\n\n<p class=\"has-text-align-center has-white-color has-text-color\">Nos encargamos del dise\u00f1o del email, siempre buscando que sea atractivo para el usuario y que siga el corporativismo de marca.<\/p>\n<\/div><\/div>\n<\/div>\n\n\n\n<div class=\"wp-block-column is-layout-flow wp-block-column-is-layout-flow\">\n<div class=\"wp-block-cover alignwide\"><span aria-hidden=\"true\" class=\"wp-block-cover__background has-background-dim\"><\/span><img loading=\"lazy\" decoding=\"async\" width=\"576\" height=\"1024\" class=\"wp-block-cover__image-background wp-image-552\" alt=\"\" src=\"http:\/\/partnercomagency.com\/wp-content\/uploads\/2023\/05\/Diseno-sin-titulo-20-1-576x1024.png\" data-object-fit=\"cover\" srcset=\"https:\/\/partnercomagency.com\/wp-content\/uploads\/2023\/05\/Diseno-sin-titulo-20-1-576x1024.png 576w, https:\/\/partnercomagency.com\/wp-content\/uploads\/2023\/05\/Diseno-sin-titulo-20-1-169x300.png 169w, https:\/\/partnercomagency.com\/wp-content\/uploads\/2023\/05\/Diseno-sin-titulo-20-1-768x1365.png 768w, https:\/\/partnercomagency.com\/wp-content\/uploads\/2023\/05\/Diseno-sin-titulo-20-1-864x1536.png 864w, https:\/\/partnercomagency.com\/wp-content\/uploads\/2023\/05\/Diseno-sin-titulo-20-1.png 1080w\" sizes=\"auto, (max-width: 576px) 100vw, 576px\" \/><div class=\"wp-block-cover__inner-container is-layout-flow wp-block-cover-is-layout-flow\">\n<p class=\"has-text-align-center has-white-color has-text-color has-medium-font-size\"><strong>Creaci\u00f3n Contenido<\/strong><\/p>\n\n\n\n<p class=\"has-text-align-center has-white-color has-text-color\">Duem a terme la redacci\u00f3 dels\u00a0<em>copies\u00a0<\/em>que formar\u00e1n la\u00a0<em>Newsletter<\/em>, siguiendo el objetivo que resulte de inter\u00e9s para el p\u00fablico.<\/p>\n<\/div><\/div>\n<\/div>\n\n\n\n<div class=\"wp-block-column is-layout-flow wp-block-column-is-layout-flow\">\n<div class=\"wp-block-cover alignwide\"><span aria-hidden=\"true\" class=\"wp-block-cover__background has-background-dim\"><\/span><img loading=\"lazy\" decoding=\"async\" width=\"576\" height=\"1024\" class=\"wp-block-cover__image-background wp-image-553\" alt=\"\" src=\"http:\/\/partnercomagency.com\/wp-content\/uploads\/2023\/05\/Diseno-sin-titulo-19-576x1024.png\" data-object-fit=\"cover\" srcset=\"https:\/\/partnercomagency.com\/wp-content\/uploads\/2023\/05\/Diseno-sin-titulo-19-576x1024.png 576w, https:\/\/partnercomagency.com\/wp-content\/uploads\/2023\/05\/Diseno-sin-titulo-19-169x300.png 169w, https:\/\/partnercomagency.com\/wp-content\/uploads\/2023\/05\/Diseno-sin-titulo-19-768x1365.png 768w, https:\/\/partnercomagency.com\/wp-content\/uploads\/2023\/05\/Diseno-sin-titulo-19-864x1536.png 864w, https:\/\/partnercomagency.com\/wp-content\/uploads\/2023\/05\/Diseno-sin-titulo-19.png 1080w\" sizes=\"auto, (max-width: 576px) 100vw, 576px\" \/><div class=\"wp-block-cover__inner-container is-layout-flow wp-block-cover-is-layout-flow\">\n<p class=\"has-text-align-center has-white-color has-text-color has-medium-font-size\"><strong>An\u00e1lisis resultados<\/strong><\/p>\n\n\n\n<p class=\"has-text-align-center has-white-color has-text-color translation-block\">Estudiamos los resultados conseguidos con el env\u00edo de <em>Newsletter<\/em>.<\/p>\n<\/div><\/div>\n<\/div>\n<\/div>\n<\/div><\/div>\n\n\n\n<div style=\"height:40px\" aria-hidden=\"true\" class=\"wp-block-spacer\"><\/div>\n\n\n\n<h2 class=\"wp-block-heading has-text-align-center\">BENEFICIOS<\/h2>\n\n\n\n<div style=\"height:60px\" aria-hidden=\"true\" class=\"wp-block-spacer\"><\/div>\n\n\n\n<div class=\"wp-block-cover alignfull has-parallax\"><span aria-hidden=\"true\" class=\"wp-block-cover__background has-background-dim-80 has-background-dim wp-block-cover__gradient-background has-background-gradient has-very-light-gray-to-cyan-bluish-gray-gradient-background\"><\/span><div role=\"img\" class=\"wp-block-cover__image-background wp-image-560 has-parallax\" style=\"background-position:50% 50%;background-image:url(http:\/\/partnercomagency.com\/wp-content\/uploads\/2023\/05\/architecture-g83006afe2_1280-2.jpg)\"><\/div><div class=\"wp-block-cover__inner-container is-layout-flow wp-block-cover-is-layout-flow\">\n<div class=\"wp-block-columns is-layout-flex wp-container-core-columns-is-layout-9d6595d7 wp-block-columns-is-layout-flex\">\n<div class=\"wp-block-column is-layout-flow wp-block-column-is-layout-flow\">\n<h3 class=\"wp-block-heading has-text-align-center has-black-color has-text-color\">CAPTACI\u00d3N<\/h3>\n\n\n\n<p class=\"has-text-align-center has-black-color has-text-color has-small-font-size\">Consigue a nuevos clientes con contenido de inter\u00e9s para los usuarios<\/p>\n<\/div>\n\n\n\n<div class=\"wp-block-column is-layout-flow wp-block-column-is-layout-flow\">\n<h3 class=\"wp-block-heading has-text-align-center has-black-color has-text-color\">FIDELIZACI\u00d3N<\/h3>\n\n\n\n<p class=\"has-text-align-center has-black-color has-text-color has-small-font-size\">Crea relaciones a largo plazo con tus clientes gracias a campa\u00f1as de fidelizaci\u00f3n<\/p>\n<\/div>\n\n\n\n<div class=\"wp-block-column is-layout-flow wp-block-column-is-layout-flow\">\n<h3 class=\"wp-block-heading has-text-align-center has-black-color has-text-color\">VENTAS<\/h3>\n\n\n\n<p class=\"has-text-align-center has-black-color has-text-color has-small-font-size\">Incrementa las ventas de tu negocio<\/p>\n<\/div>\n<\/div>\n<\/div><\/div>\n\n\n\n<div class=\"wp-block-cover alignfull has-parallax is-position-center-center\" style=\"min-height:375px;aspect-ratio:unset;\"><span aria-hidden=\"true\" class=\"wp-block-cover__background has-black-background-color has-background-dim-70 has-background-dim\"><\/span><div role=\"img\" class=\"wp-block-cover__image-background wp-image-24 has-parallax\" style=\"background-position:50% 50%;background-image:url(http:\/\/partnercomagency.com\/wp-content\/themes\/inspiro\/assets\/images\/StockSnap_89BQZ89TLH.jpg)\"><\/div><div class=\"wp-block-cover__inner-container is-layout-flow wp-block-cover-is-layout-flow\">\n<h3 class=\"wp-block-heading has-text-align-center has-white-color has-text-color\" style=\"font-size:26px;letter-spacing:1px;text-transform:uppercase\"><strong><strong>\u00bfempezamos el viaje juntos?<\/strong><\/strong><\/h3>\n\n\n\n<p class=\"has-text-align-center has-white-color has-text-color\">Potenciaremos tu negocio.<\/p>\n\n\n\n<div class=\"wp-block-buttons is-horizontal is-content-justification-center is-layout-flex wp-container-core-buttons-is-layout-499968f5 wp-block-buttons-is-layout-flex\">\n<div class=\"wp-block-button has-custom-font-size is-style-fill has-small-font-size\"><a class=\"wp-block-button__link has-white-color has-luminous-vivid-amber-background-color has-text-color has-background wp-element-button\" href=\"https:\/\/partnercomagency.com\/es\/contacte\/\" style=\"border-radius:100px\"><strong>CONT\u00c1CTANOS<\/strong><\/a><\/div>\n<\/div>\n<\/div><\/div>","protected":false},"excerpt":{"rendered":"<p>AG\u00c8NCIA EMAIL MARKETING Segur que has sentit a parlar&nbsp;desenes&nbsp;de vegades de l&#8217;Email&nbsp;Marketing.Per\u00f2 sabies que \u00e9s un dels canals del m\u00e0rqueting digital m\u00e9s efectiu?L&#8217;enviament de correus electr\u00f2nics oferint contingut d&#8217;inter\u00e8s a un conjunt de contactes, analitzats i seleccionats de forma&nbsp;pr\u00e8via, \u00e9s una acci\u00f3 cada vegada m\u00e9s utilitzada pels negocis.I des de&nbsp;Partnercom&nbsp;Agency&nbsp;estem especialitzats en la creaci\u00f3 de &hellip; <\/p>\n<p class=\"link-more\"><a href=\"https:\/\/partnercomagency.com\/es\/serveis-email-marketing\/\" class=\"more-link\">Leer m\u00e1s<span class=\"screen-reader-text\"> \u00abEMAIL MARKETING\u00bb<\/span><\/a><\/p>","protected":false},"author":1,"featured_media":0,"parent":0,"menu_order":0,"comment_status":"closed","ping_status":"closed","template":"","meta":{"footnotes":""},"class_list":["post-390","page","type-page","status-publish","hentry"],"yoast_head":"<!-- This site is optimized with the Yoast SEO plugin v20.8 - https:\/\/yoast.com\/wordpress\/plugins\/seo\/ -->\n<title>EMAIL MARKETING - Partnercom Agency<\/title>\n<meta name=\"description\" content=\"Estem especialitzats en la creaci\u00f3 de campanyes d&#039;Email\u00a0Marketing\u00a0que t&#039;ajudaran a captar a nous clients i a fidelitzar als\u00a0actuals.\" \/>\n<meta name=\"robots\" content=\"index, follow, max-snippet:-1, max-image-preview:large, max-video-preview:-1\" \/>\n<link rel=\"canonical\" href=\"https:\/\/partnercomagency.com\/es\/serveis-email-marketing\/\" \/>\n<meta property=\"og:locale\" content=\"es_ES\" \/>\n<meta property=\"og:type\" content=\"article\" \/>\n<meta property=\"og:title\" content=\"EMAIL MARKETING - Partnercom Agency\" \/>\n<meta property=\"og:description\" content=\"Estem especialitzats en la creaci\u00f3 de campanyes d&#039;Email\u00a0Marketing\u00a0que t&#039;ajudaran a captar a nous clients i a fidelitzar als\u00a0actuals.\" \/>\n<meta property=\"og:url\" content=\"https:\/\/partnercomagency.com\/es\/serveis-email-marketing\/\" \/>\n<meta property=\"og:site_name\" content=\"Partnercom Agency\" \/>\n<meta property=\"article:modified_time\" content=\"2023-08-23T17:17:40+00:00\" \/>\n<meta property=\"og:image\" content=\"http:\/\/partnercomagency.com\/wp-content\/uploads\/2023\/05\/philip-myrtorp-iiqpxCg2GD4-unsplash-1-scaled.jpg\" \/>\n<meta name=\"twitter:card\" content=\"summary_large_image\" \/>\n<meta name=\"twitter:label1\" content=\"Tiempo de lectura\" \/>\n\t<meta name=\"twitter:data1\" content=\"2 minutos\" \/>\n<script type=\"application\/ld+json\" class=\"yoast-schema-graph\">{\"@context\":\"https:\/\/schema.org\",\"@graph\":[{\"@type\":\"WebPage\",\"@id\":\"https:\/\/partnercomagency.com\/serveis-email-marketing\/\",\"url\":\"https:\/\/partnercomagency.com\/serveis-email-marketing\/\",\"name\":\"EMAIL MARKETING - Partnercom Agency\",\"isPartOf\":{\"@id\":\"https:\/\/partnercomagency.com\/#website\"},\"datePublished\":\"2023-05-30T19:05:28+00:00\",\"dateModified\":\"2023-08-23T17:17:40+00:00\",\"description\":\"Estem especialitzats en la creaci\u00f3 de campanyes d'Email\u00a0Marketing\u00a0que t'ajudaran a captar a nous clients i a fidelitzar als\u00a0actuals.\",\"breadcrumb\":{\"@id\":\"https:\/\/partnercomagency.com\/serveis-email-marketing\/#breadcrumb\"},\"inLanguage\":\"es\",\"potentialAction\":[{\"@type\":\"ReadAction\",\"target\":[\"https:\/\/partnercomagency.com\/serveis-email-marketing\/\"]}]},{\"@type\":\"BreadcrumbList\",\"@id\":\"https:\/\/partnercomagency.com\/serveis-email-marketing\/#breadcrumb\",\"itemListElement\":[{\"@type\":\"ListItem\",\"position\":1,\"name\":\"Portada\",\"item\":\"https:\/\/partnercomagency.com\/\"},{\"@type\":\"ListItem\",\"position\":2,\"name\":\"EMAIL MARKETING\"}]},{\"@type\":\"WebSite\",\"@id\":\"https:\/\/partnercomagency.com\/#website\",\"url\":\"https:\/\/partnercomagency.com\/\",\"name\":\"Partnercom Agency\",\"description\":\"Ag\u00e8ncia de comunicaci\u00f3 i m\u00e0rqueting\",\"publisher\":{\"@id\":\"https:\/\/partnercomagency.com\/#organization\"},\"potentialAction\":[{\"@type\":\"SearchAction\",\"target\":{\"@type\":\"EntryPoint\",\"urlTemplate\":\"https:\/\/partnercomagency.com\/?s={search_term_string}\"},\"query-input\":\"required name=search_term_string\"}],\"inLanguage\":\"es\"},{\"@type\":\"Organization\",\"@id\":\"https:\/\/partnercomagency.com\/#organization\",\"name\":\"Partnercom Agency\",\"url\":\"https:\/\/partnercomagency.com\/\",\"logo\":{\"@type\":\"ImageObject\",\"inLanguage\":\"es\",\"@id\":\"https:\/\/partnercomagency.com\/#\/schema\/logo\/image\/\",\"url\":\"https:\/\/partnercomagency.com\/wp-content\/uploads\/2023\/05\/cropped-A-removebg-preview.png\",\"contentUrl\":\"https:\/\/partnercomagency.com\/wp-content\/uploads\/2023\/05\/cropped-A-removebg-preview.png\",\"width\":500,\"height\":301,\"caption\":\"Partnercom Agency\"},\"image\":{\"@id\":\"https:\/\/partnercomagency.com\/#\/schema\/logo\/image\/\"}}]}<\/script>\n<!-- \/ Yoast SEO plugin. -->","yoast_head_json":{"title":"EMAIL MARKETING - Partnercom Agency","description":"Estem especialitzats en la creaci\u00f3 de campanyes d'Email\u00a0Marketing\u00a0que t'ajudaran a captar a nous clients i a fidelitzar als\u00a0actuals.","robots":{"index":"index","follow":"follow","max-snippet":"max-snippet:-1","max-image-preview":"max-image-preview:large","max-video-preview":"max-video-preview:-1"},"canonical":"https:\/\/partnercomagency.com\/es\/serveis-email-marketing\/","og_locale":"es_ES","og_type":"article","og_title":"EMAIL MARKETING - Partnercom Agency","og_description":"Estem especialitzats en la creaci\u00f3 de campanyes d'Email\u00a0Marketing\u00a0que t'ajudaran a captar a nous clients i a fidelitzar als\u00a0actuals.","og_url":"https:\/\/partnercomagency.com\/es\/serveis-email-marketing\/","og_site_name":"Partnercom Agency","article_modified_time":"2023-08-23T17:17:40+00:00","og_image":[{"url":"http:\/\/partnercomagency.com\/wp-content\/uploads\/2023\/05\/philip-myrtorp-iiqpxCg2GD4-unsplash-1-scaled.jpg"}],"twitter_card":"summary_large_image","twitter_misc":{"Tiempo de lectura":"2 minutos"},"schema":{"@context":"https:\/\/schema.org","@graph":[{"@type":"WebPage","@id":"https:\/\/partnercomagency.com\/serveis-email-marketing\/","url":"https:\/\/partnercomagency.com\/serveis-email-marketing\/","name":"EMAIL MARKETING - Partnercom Agency","isPartOf":{"@id":"https:\/\/partnercomagency.com\/#website"},"datePublished":"2023-05-30T19:05:28+00:00","dateModified":"2023-08-23T17:17:40+00:00","description":"Estem especialitzats en la creaci\u00f3 de campanyes d'Email\u00a0Marketing\u00a0que t'ajudaran a captar a nous clients i a fidelitzar als\u00a0actuals.","breadcrumb":{"@id":"https:\/\/partnercomagency.com\/serveis-email-marketing\/#breadcrumb"},"inLanguage":"es","potentialAction":[{"@type":"ReadAction","target":["https:\/\/partnercomagency.com\/serveis-email-marketing\/"]}]},{"@type":"BreadcrumbList","@id":"https:\/\/partnercomagency.com\/serveis-email-marketing\/#breadcrumb","itemListElement":[{"@type":"ListItem","position":1,"name":"Portada","item":"https:\/\/partnercomagency.com\/"},{"@type":"ListItem","position":2,"name":"EMAIL MARKETING"}]},{"@type":"WebSite","@id":"https:\/\/partnercomagency.com\/#website","url":"https:\/\/partnercomagency.com\/","name":"Partnercom Agency","description":"Ag\u00e8ncia de comunicaci\u00f3 i m\u00e0rqueting","publisher":{"@id":"https:\/\/partnercomagency.com\/#organization"},"potentialAction":[{"@type":"SearchAction","target":{"@type":"EntryPoint","urlTemplate":"https:\/\/partnercomagency.com\/?s={search_term_string}"},"query-input":"required name=search_term_string"}],"inLanguage":"es"},{"@type":"Organization","@id":"https:\/\/partnercomagency.com\/#organization","name":"Partnercom Agency","url":"https:\/\/partnercomagency.com\/","logo":{"@type":"ImageObject","inLanguage":"es","@id":"https:\/\/partnercomagency.com\/#\/schema\/logo\/image\/","url":"https:\/\/partnercomagency.com\/wp-content\/uploads\/2023\/05\/cropped-A-removebg-preview.png","contentUrl":"https:\/\/partnercomagency.com\/wp-content\/uploads\/2023\/05\/cropped-A-removebg-preview.png","width":500,"height":301,"caption":"Partnercom Agency"},"image":{"@id":"https:\/\/partnercomagency.com\/#\/schema\/logo\/image\/"}}]}},"_links":{"self":[{"href":"https:\/\/partnercomagency.com\/es\/wp-json\/wp\/v2\/pages\/390","targetHints":{"allow":["GET"]}}],"collection":[{"href":"https:\/\/partnercomagency.com\/es\/wp-json\/wp\/v2\/pages"}],"about":[{"href":"https:\/\/partnercomagency.com\/es\/wp-json\/wp\/v2\/types\/page"}],"author":[{"embeddable":true,"href":"https:\/\/partnercomagency.com\/es\/wp-json\/wp\/v2\/users\/1"}],"replies":[{"embeddable":true,"href":"https:\/\/partnercomagency.com\/es\/wp-json\/wp\/v2\/comments?post=390"}],"version-history":[{"count":38,"href":"https:\/\/partnercomagency.com\/es\/wp-json\/wp\/v2\/pages\/390\/revisions"}],"predecessor-version":[{"id":819,"href":"https:\/\/partnercomagency.com\/es\/wp-json\/wp\/v2\/pages\/390\/revisions\/819"}],"wp:attachment":[{"href":"https:\/\/partnercomagency.com\/es\/wp-json\/wp\/v2\/media?parent=390"}],"curies":[{"name":"wp","href":"https:\/\/api.w.org\/{rel}","templated":true}]}}