{"id":393,"date":"2023-05-30T19:10:29","date_gmt":"2023-05-30T19:10:29","guid":{"rendered":"http:\/\/partnercomagency.com\/?page_id=393"},"modified":"2023-08-21T11:04:21","modified_gmt":"2023-08-21T11:04:21","slug":"serveis-comunicacio","status":"publish","type":"page","link":"https:\/\/partnercomagency.com\/es\/serveis-comunicacio\/","title":{"rendered":"COMUNICACI\u00d3N"},"content":{"rendered":"<div class=\"wp-block-cover alignfull is-light\" style=\"min-height:700px;aspect-ratio:unset;\"><span aria-hidden=\"true\" class=\"wp-block-cover__background has-background-dim-20 has-background-dim\"><\/span><img loading=\"lazy\" decoding=\"async\" width=\"2560\" height=\"1706\" class=\"wp-block-cover__image-background wp-image-254\" alt=\"\" src=\"http:\/\/partnercomagency.com\/wp-content\/uploads\/2023\/05\/philip-myrtorp-iiqpxCg2GD4-unsplash-1-scaled.jpg\" data-object-fit=\"cover\" srcset=\"https:\/\/partnercomagency.com\/wp-content\/uploads\/2023\/05\/philip-myrtorp-iiqpxCg2GD4-unsplash-1-scaled.jpg 2560w, https:\/\/partnercomagency.com\/wp-content\/uploads\/2023\/05\/philip-myrtorp-iiqpxCg2GD4-unsplash-1-300x200.jpg 300w, https:\/\/partnercomagency.com\/wp-content\/uploads\/2023\/05\/philip-myrtorp-iiqpxCg2GD4-unsplash-1-1024x683.jpg 1024w, https:\/\/partnercomagency.com\/wp-content\/uploads\/2023\/05\/philip-myrtorp-iiqpxCg2GD4-unsplash-1-768x512.jpg 768w, https:\/\/partnercomagency.com\/wp-content\/uploads\/2023\/05\/philip-myrtorp-iiqpxCg2GD4-unsplash-1-1536x1024.jpg 1536w, https:\/\/partnercomagency.com\/wp-content\/uploads\/2023\/05\/philip-myrtorp-iiqpxCg2GD4-unsplash-1-2048x1365.jpg 2048w, https:\/\/partnercomagency.com\/wp-content\/uploads\/2023\/05\/philip-myrtorp-iiqpxCg2GD4-unsplash-1-2000x1333.jpg 2000w\" sizes=\"auto, (max-width: 2560px) 100vw, 2560px\" \/><div class=\"wp-block-cover__inner-container is-layout-flow wp-block-cover-is-layout-flow\">\n<p class=\"has-text-align-center has-white-color has-text-color has-medium-font-size\" style=\"letter-spacing:1px\">Nuestros servicios har\u00e1n volar tu negocio gracias a un aumento de visibilidad y ventas<\/p>\n\n\n\n<div class=\"wp-block-buttons is-content-justification-center is-layout-flex wp-container-core-buttons-is-layout-16018d1d wp-block-buttons-is-layout-flex\">\n<div class=\"wp-block-button has-custom-font-size is-style-fill has-small-font-size\"><a class=\"wp-block-button__link has-white-color has-luminous-vivid-amber-background-color has-text-color has-background wp-element-button\" href=\"https:\/\/partnercomagency.com\/es\/contacte\/\" style=\"border-radius:100px\"><strong>CONT\u00c1CTANOS<\/strong><\/a><\/div>\n<\/div>\n<\/div><\/div>\n\n\n\n<div style=\"height:40px\" aria-hidden=\"true\" class=\"wp-block-spacer\"><\/div>\n\n\n\n<h2 class=\"wp-block-heading has-text-align-center\">AGENCIA DE COMUNICACI\u00d3N<\/h2>\n\n\n\n<div style=\"height:40px\" aria-hidden=\"true\" class=\"wp-block-spacer\"><\/div>\n\n\n\n<div class=\"wp-block-columns is-layout-flex wp-container-core-columns-is-layout-9d6595d7 wp-block-columns-is-layout-flex\">\n<div class=\"wp-block-column is-layout-flow wp-block-column-is-layout-flow\" style=\"flex-basis:100%\">\n<div class=\"wp-block-group\"><div class=\"wp-block-group__inner-container is-layout-flow wp-block-group-is-layout-flow\">\n<p class=\"has-text-align-center\">\u00a1Nos encanta comunicar!<br>Y sabemos c\u00f3mo hacer que tu negocio tenga voz.<br>Te ofrecemos servicios de comunicaci\u00f3n para que tu marca gane visibilidad y notoriedad.<\/p>\n<\/div><\/div>\n<\/div>\n<\/div>\n\n\n\n<div style=\"height:40px\" aria-hidden=\"true\" class=\"wp-block-spacer\"><\/div>\n\n\n\n<div class=\"wp-block-cover alignfull is-light\"><span aria-hidden=\"true\" class=\"wp-block-cover__background has-luminous-vivid-amber-background-color has-background-dim-100 has-background-dim\"><\/span><div class=\"wp-block-cover__inner-container is-layout-flow wp-block-cover-is-layout-flow\">\n<div style=\"height:20px\" aria-hidden=\"true\" class=\"wp-block-spacer\"><\/div>\n\n\n\n<h2 class=\"wp-block-heading has-text-align-center\">SERVICIOS DE COMUNICACI\u00d3N<\/h2>\n\n\n\n<div style=\"height:50px\" aria-hidden=\"true\" class=\"wp-block-spacer\"><\/div>\n\n\n\n<div class=\"wp-block-columns is-layout-flex wp-container-core-columns-is-layout-9d6595d7 wp-block-columns-is-layout-flex\">\n<div class=\"wp-block-column is-layout-flow wp-block-column-is-layout-flow\">\n<div class=\"wp-block-cover alignwide\"><span aria-hidden=\"true\" class=\"wp-block-cover__background has-background-dim\"><\/span><img loading=\"lazy\" decoding=\"async\" width=\"576\" height=\"1024\" class=\"wp-block-cover__image-background wp-image-595\" alt=\"\" src=\"http:\/\/partnercomagency.com\/wp-content\/uploads\/2023\/06\/Diseno-sin-titulo-21-576x1024.png\" data-object-fit=\"cover\" srcset=\"https:\/\/partnercomagency.com\/wp-content\/uploads\/2023\/06\/Diseno-sin-titulo-21-576x1024.png 576w, https:\/\/partnercomagency.com\/wp-content\/uploads\/2023\/06\/Diseno-sin-titulo-21-169x300.png 169w, https:\/\/partnercomagency.com\/wp-content\/uploads\/2023\/06\/Diseno-sin-titulo-21-768x1365.png 768w, https:\/\/partnercomagency.com\/wp-content\/uploads\/2023\/06\/Diseno-sin-titulo-21-864x1536.png 864w, https:\/\/partnercomagency.com\/wp-content\/uploads\/2023\/06\/Diseno-sin-titulo-21.png 1080w\" sizes=\"auto, (max-width: 576px) 100vw, 576px\" \/><div class=\"wp-block-cover__inner-container is-layout-flow wp-block-cover-is-layout-flow\">\n<p class=\"has-text-align-center has-white-color has-text-color has-medium-font-size\"><strong>Notas de prensa<\/strong><\/p>\n\n\n\n<p class=\"has-text-align-center has-white-color has-text-color\">Redactamos notas de prensa y contactamos con los medios de comunicaci\u00f3n objetivos.<\/p>\n<\/div><\/div>\n<\/div>\n\n\n\n<div class=\"wp-block-column is-layout-flow wp-block-column-is-layout-flow\">\n<div class=\"wp-block-cover alignwide is-light\"><span aria-hidden=\"true\" class=\"wp-block-cover__background has-background-dim\"><\/span><img loading=\"lazy\" decoding=\"async\" width=\"1024\" height=\"683\" class=\"wp-block-cover__image-background wp-image-571\" alt=\"\" src=\"http:\/\/partnercomagency.com\/wp-content\/uploads\/2023\/05\/asian-blank-boss-brainstorming-business-busy-1458635-pxhere.com_-1-1024x683.webp\" data-object-fit=\"cover\" srcset=\"https:\/\/partnercomagency.com\/wp-content\/uploads\/2023\/05\/asian-blank-boss-brainstorming-business-busy-1458635-pxhere.com_-1-1024x683.webp 1024w, https:\/\/partnercomagency.com\/wp-content\/uploads\/2023\/05\/asian-blank-boss-brainstorming-business-busy-1458635-pxhere.com_-1-300x200.webp 300w, https:\/\/partnercomagency.com\/wp-content\/uploads\/2023\/05\/asian-blank-boss-brainstorming-business-busy-1458635-pxhere.com_-1-768x512.webp 768w, https:\/\/partnercomagency.com\/wp-content\/uploads\/2023\/05\/asian-blank-boss-brainstorming-business-busy-1458635-pxhere.com_-1-1536x1024.webp 1536w, https:\/\/partnercomagency.com\/wp-content\/uploads\/2023\/05\/asian-blank-boss-brainstorming-business-busy-1458635-pxhere.com_-1.webp 1920w\" sizes=\"auto, (max-width: 1024px) 100vw, 1024px\" \/><div class=\"wp-block-cover__inner-container is-layout-flow wp-block-cover-is-layout-flow\">\n<p class=\"has-text-align-center has-white-color has-text-color has-medium-font-size\"><strong>Blog<\/strong><\/p>\n\n\n\n<p class=\"has-text-align-center has-white-color has-text-color\">Queremos que el p\u00fablico te perciba como experto en tu sector. Por eso, realizamos posts de blog y otros contenidos.<\/p>\n<\/div><\/div>\n<\/div>\n\n\n\n<div class=\"wp-block-column is-layout-flow wp-block-column-is-layout-flow\">\n<div class=\"wp-block-cover alignwide\"><span aria-hidden=\"true\" class=\"wp-block-cover__background has-background-dim\"><\/span><img loading=\"lazy\" decoding=\"async\" width=\"576\" height=\"1024\" class=\"wp-block-cover__image-background wp-image-596\" alt=\"\" src=\"http:\/\/partnercomagency.com\/wp-content\/uploads\/2023\/06\/Diseno-sin-titulo-22-576x1024.png\" data-object-fit=\"cover\" srcset=\"https:\/\/partnercomagency.com\/wp-content\/uploads\/2023\/06\/Diseno-sin-titulo-22-576x1024.png 576w, https:\/\/partnercomagency.com\/wp-content\/uploads\/2023\/06\/Diseno-sin-titulo-22-169x300.png 169w, https:\/\/partnercomagency.com\/wp-content\/uploads\/2023\/06\/Diseno-sin-titulo-22-768x1365.png 768w, https:\/\/partnercomagency.com\/wp-content\/uploads\/2023\/06\/Diseno-sin-titulo-22-864x1536.png 864w, https:\/\/partnercomagency.com\/wp-content\/uploads\/2023\/06\/Diseno-sin-titulo-22.png 1080w\" sizes=\"auto, (max-width: 576px) 100vw, 576px\" \/><div class=\"wp-block-cover__inner-container is-layout-flow wp-block-cover-is-layout-flow\">\n<p class=\"has-text-align-center has-white-color has-text-color has-medium-font-size\"><strong>Presentaciones<\/strong><\/p>\n\n\n\n<p class=\"has-text-align-center has-white-color has-text-color\">Creamos presentaciones comerciales y corporativas para que tu negocio pueda tener la mejor carta de presentaci\u00f3n.<\/p>\n<\/div><\/div>\n<\/div>\n<\/div>\n<\/div><\/div>\n\n\n\n<div style=\"height:40px\" aria-hidden=\"true\" class=\"wp-block-spacer\"><\/div>\n\n\n\n<h2 class=\"wp-block-heading has-text-align-center\">BENEFICIOS<\/h2>\n\n\n\n<div style=\"height:60px\" aria-hidden=\"true\" class=\"wp-block-spacer\"><\/div>\n\n\n\n<div class=\"wp-block-cover alignfull\"><span aria-hidden=\"true\" class=\"wp-block-cover__background has-background-dim-80 has-background-dim wp-block-cover__gradient-background has-background-gradient has-very-light-gray-to-cyan-bluish-gray-gradient-background\"><\/span><img loading=\"lazy\" decoding=\"async\" width=\"1280\" height=\"853\" class=\"wp-block-cover__image-background wp-image-560\" alt=\"\" src=\"http:\/\/partnercomagency.com\/wp-content\/uploads\/2023\/05\/architecture-g83006afe2_1280-2.jpg\" data-object-fit=\"cover\" srcset=\"https:\/\/partnercomagency.com\/wp-content\/uploads\/2023\/05\/architecture-g83006afe2_1280-2.jpg 1280w, https:\/\/partnercomagency.com\/wp-content\/uploads\/2023\/05\/architecture-g83006afe2_1280-2-300x200.jpg 300w, https:\/\/partnercomagency.com\/wp-content\/uploads\/2023\/05\/architecture-g83006afe2_1280-2-1024x682.jpg 1024w, https:\/\/partnercomagency.com\/wp-content\/uploads\/2023\/05\/architecture-g83006afe2_1280-2-768x512.jpg 768w\" sizes=\"auto, (max-width: 1280px) 100vw, 1280px\" \/><div class=\"wp-block-cover__inner-container is-layout-flow wp-block-cover-is-layout-flow\">\n<div class=\"wp-block-columns is-layout-flex wp-container-core-columns-is-layout-9d6595d7 wp-block-columns-is-layout-flex\">\n<div class=\"wp-block-column is-layout-flow wp-block-column-is-layout-flow\">\n<h3 class=\"wp-block-heading has-text-align-center has-black-color has-text-color\">VISIBILIDAD<\/h3>\n\n\n\n<p class=\"has-text-align-center has-black-color has-text-color has-small-font-size\">Da a conocer tu marca con nuestra estrategia de comunicaci\u00f3n<\/p>\n<\/div>\n\n\n\n<div class=\"wp-block-column is-layout-flow wp-block-column-is-layout-flow\">\n<h3 class=\"wp-block-heading has-text-align-center has-black-color has-text-color\">NOTORIEDAD<\/h3>\n\n\n\n<p class=\"has-text-align-center has-black-color has-text-color has-small-font-size\">Incrementa la reputaci\u00f3n de marca en tu sector<\/p>\n<\/div>\n\n\n\n<div class=\"wp-block-column is-layout-flow wp-block-column-is-layout-flow\">\n<h3 class=\"wp-block-heading has-text-align-center has-black-color has-text-color\">DISTINCI\u00d3N<\/h3>\n\n\n\n<p class=\"has-text-align-center has-black-color has-text-color has-small-font-size\">Todo el mundo sabr\u00e1 qui\u00e9n eres. Difer\u00e9nciate de tu competencia<\/p>\n<\/div>\n<\/div>\n<\/div><\/div>\n\n\n\n<div class=\"wp-block-cover alignfull has-parallax is-position-center-center\" style=\"min-height:375px;aspect-ratio:unset;\"><span aria-hidden=\"true\" class=\"wp-block-cover__background has-black-background-color has-background-dim-70 has-background-dim\"><\/span><div role=\"img\" class=\"wp-block-cover__image-background wp-image-24 has-parallax\" style=\"background-position:50% 50%;background-image:url(http:\/\/partnercomagency.com\/wp-content\/themes\/inspiro\/assets\/images\/StockSnap_89BQZ89TLH.jpg)\"><\/div><div class=\"wp-block-cover__inner-container is-layout-flow wp-block-cover-is-layout-flow\">\n<h3 class=\"wp-block-heading has-text-align-center has-white-color has-text-color\" style=\"font-size:26px;letter-spacing:1px;text-transform:uppercase\"><strong><strong>\u00bfempezamos el viaje juntos?<\/strong><\/strong><\/h3>\n\n\n\n<p class=\"has-text-align-center has-white-color has-text-color\">Potenciaremos tu negocio.<\/p>\n\n\n\n<div style=\"height:0px\" aria-hidden=\"true\" class=\"wp-block-spacer\"><\/div>\n\n\n\n<div class=\"wp-block-buttons is-horizontal is-content-justification-center is-layout-flex wp-container-core-buttons-is-layout-499968f5 wp-block-buttons-is-layout-flex\">\n<div class=\"wp-block-button has-custom-font-size is-style-fill has-small-font-size\"><a class=\"wp-block-button__link has-white-color has-luminous-vivid-amber-background-color has-text-color has-background wp-element-button\" href=\"https:\/\/partnercomagency.com\/es\/contacte\/\" style=\"border-radius:100px\"><strong>CONT\u00c1CTANOS<\/strong><\/a><\/div>\n<\/div>\n<\/div><\/div>","protected":false},"excerpt":{"rendered":"<p>AG\u00c8NCIA DE COMUNICACI\u00d3 Ens encanta comunicar!I sabem com fer que el teu negoci tingui veu.T\u2019oferim serveis de comunicaci\u00f3 perqu\u00e8 la teva marca guanyi visibilitat i notorietat. BENEFICIS<\/p>","protected":false},"author":1,"featured_media":0,"parent":0,"menu_order":0,"comment_status":"closed","ping_status":"closed","template":"","meta":{"footnotes":""},"class_list":["post-393","page","type-page","status-publish","hentry"],"yoast_head":"<!-- This site is optimized with the Yoast SEO plugin v20.8 - https:\/\/yoast.com\/wordpress\/plugins\/seo\/ -->\n<title>COMUNICACI\u00d3 - Partnercom Agency<\/title>\n<meta name=\"description\" content=\"Vols que el teu negoci tingui veu? A Partnercom Agency t&#039;oferim serveis de comunicaci\u00f3 perqu\u00e8 la teva marca guanyi visibilitat i notoriet.\" \/>\n<meta name=\"robots\" content=\"index, follow, max-snippet:-1, max-image-preview:large, max-video-preview:-1\" \/>\n<link rel=\"canonical\" href=\"https:\/\/partnercomagency.com\/es\/serveis-comunicacio\/\" \/>\n<meta property=\"og:locale\" content=\"es_ES\" \/>\n<meta property=\"og:type\" content=\"article\" \/>\n<meta property=\"og:title\" content=\"COMUNICACI\u00d3 - Partnercom Agency\" \/>\n<meta property=\"og:description\" content=\"Vols que el teu negoci tingui veu? A Partnercom Agency t&#039;oferim serveis de comunicaci\u00f3 perqu\u00e8 la teva marca guanyi visibilitat i notoriet.\" \/>\n<meta property=\"og:url\" content=\"https:\/\/partnercomagency.com\/es\/serveis-comunicacio\/\" \/>\n<meta property=\"og:site_name\" content=\"Partnercom Agency\" \/>\n<meta property=\"article:modified_time\" content=\"2023-08-21T11:04:21+00:00\" \/>\n<meta property=\"og:image\" content=\"http:\/\/partnercomagency.com\/wp-content\/uploads\/2023\/05\/philip-myrtorp-iiqpxCg2GD4-unsplash-1-scaled.jpg\" \/>\n<meta name=\"twitter:card\" content=\"summary_large_image\" \/>\n<meta name=\"twitter:label1\" content=\"Tiempo de lectura\" \/>\n\t<meta name=\"twitter:data1\" content=\"2 minutos\" \/>\n<script type=\"application\/ld+json\" class=\"yoast-schema-graph\">{\"@context\":\"https:\/\/schema.org\",\"@graph\":[{\"@type\":\"WebPage\",\"@id\":\"https:\/\/partnercomagency.com\/serveis-comunicacio\/\",\"url\":\"https:\/\/partnercomagency.com\/serveis-comunicacio\/\",\"name\":\"COMUNICACI\u00d3 - Partnercom Agency\",\"isPartOf\":{\"@id\":\"https:\/\/partnercomagency.com\/#website\"},\"datePublished\":\"2023-05-30T19:10:29+00:00\",\"dateModified\":\"2023-08-21T11:04:21+00:00\",\"description\":\"Vols que el teu negoci tingui veu? A Partnercom Agency t'oferim serveis de comunicaci\u00f3 perqu\u00e8 la teva marca guanyi visibilitat i notoriet.\",\"breadcrumb\":{\"@id\":\"https:\/\/partnercomagency.com\/serveis-comunicacio\/#breadcrumb\"},\"inLanguage\":\"es\",\"potentialAction\":[{\"@type\":\"ReadAction\",\"target\":[\"https:\/\/partnercomagency.com\/serveis-comunicacio\/\"]}]},{\"@type\":\"BreadcrumbList\",\"@id\":\"https:\/\/partnercomagency.com\/serveis-comunicacio\/#breadcrumb\",\"itemListElement\":[{\"@type\":\"ListItem\",\"position\":1,\"name\":\"Portada\",\"item\":\"https:\/\/partnercomagency.com\/\"},{\"@type\":\"ListItem\",\"position\":2,\"name\":\"COMUNICACI\u00d3\"}]},{\"@type\":\"WebSite\",\"@id\":\"https:\/\/partnercomagency.com\/#website\",\"url\":\"https:\/\/partnercomagency.com\/\",\"name\":\"Partnercom Agency\",\"description\":\"Ag\u00e8ncia de comunicaci\u00f3 i m\u00e0rqueting\",\"publisher\":{\"@id\":\"https:\/\/partnercomagency.com\/#organization\"},\"potentialAction\":[{\"@type\":\"SearchAction\",\"target\":{\"@type\":\"EntryPoint\",\"urlTemplate\":\"https:\/\/partnercomagency.com\/?s={search_term_string}\"},\"query-input\":\"required name=search_term_string\"}],\"inLanguage\":\"es\"},{\"@type\":\"Organization\",\"@id\":\"https:\/\/partnercomagency.com\/#organization\",\"name\":\"Partnercom Agency\",\"url\":\"https:\/\/partnercomagency.com\/\",\"logo\":{\"@type\":\"ImageObject\",\"inLanguage\":\"es\",\"@id\":\"https:\/\/partnercomagency.com\/#\/schema\/logo\/image\/\",\"url\":\"https:\/\/partnercomagency.com\/wp-content\/uploads\/2023\/05\/cropped-A-removebg-preview.png\",\"contentUrl\":\"https:\/\/partnercomagency.com\/wp-content\/uploads\/2023\/05\/cropped-A-removebg-preview.png\",\"width\":500,\"height\":301,\"caption\":\"Partnercom Agency\"},\"image\":{\"@id\":\"https:\/\/partnercomagency.com\/#\/schema\/logo\/image\/\"}}]}<\/script>\n<!-- \/ Yoast SEO plugin. -->","yoast_head_json":{"title":"COMUNICACI\u00d3 - Partnercom Agency","description":"Vols que el teu negoci tingui veu? A Partnercom Agency t'oferim serveis de comunicaci\u00f3 perqu\u00e8 la teva marca guanyi visibilitat i notoriet.","robots":{"index":"index","follow":"follow","max-snippet":"max-snippet:-1","max-image-preview":"max-image-preview:large","max-video-preview":"max-video-preview:-1"},"canonical":"https:\/\/partnercomagency.com\/es\/serveis-comunicacio\/","og_locale":"es_ES","og_type":"article","og_title":"COMUNICACI\u00d3 - Partnercom Agency","og_description":"Vols que el teu negoci tingui veu? A Partnercom Agency t'oferim serveis de comunicaci\u00f3 perqu\u00e8 la teva marca guanyi visibilitat i notoriet.","og_url":"https:\/\/partnercomagency.com\/es\/serveis-comunicacio\/","og_site_name":"Partnercom Agency","article_modified_time":"2023-08-21T11:04:21+00:00","og_image":[{"url":"http:\/\/partnercomagency.com\/wp-content\/uploads\/2023\/05\/philip-myrtorp-iiqpxCg2GD4-unsplash-1-scaled.jpg"}],"twitter_card":"summary_large_image","twitter_misc":{"Tiempo de lectura":"2 minutos"},"schema":{"@context":"https:\/\/schema.org","@graph":[{"@type":"WebPage","@id":"https:\/\/partnercomagency.com\/serveis-comunicacio\/","url":"https:\/\/partnercomagency.com\/serveis-comunicacio\/","name":"COMUNICACI\u00d3 - Partnercom Agency","isPartOf":{"@id":"https:\/\/partnercomagency.com\/#website"},"datePublished":"2023-05-30T19:10:29+00:00","dateModified":"2023-08-21T11:04:21+00:00","description":"Vols que el teu negoci tingui veu? A Partnercom Agency t'oferim serveis de comunicaci\u00f3 perqu\u00e8 la teva marca guanyi visibilitat i notoriet.","breadcrumb":{"@id":"https:\/\/partnercomagency.com\/serveis-comunicacio\/#breadcrumb"},"inLanguage":"es","potentialAction":[{"@type":"ReadAction","target":["https:\/\/partnercomagency.com\/serveis-comunicacio\/"]}]},{"@type":"BreadcrumbList","@id":"https:\/\/partnercomagency.com\/serveis-comunicacio\/#breadcrumb","itemListElement":[{"@type":"ListItem","position":1,"name":"Portada","item":"https:\/\/partnercomagency.com\/"},{"@type":"ListItem","position":2,"name":"COMUNICACI\u00d3"}]},{"@type":"WebSite","@id":"https:\/\/partnercomagency.com\/#website","url":"https:\/\/partnercomagency.com\/","name":"Partnercom Agency","description":"Ag\u00e8ncia de comunicaci\u00f3 i m\u00e0rqueting","publisher":{"@id":"https:\/\/partnercomagency.com\/#organization"},"potentialAction":[{"@type":"SearchAction","target":{"@type":"EntryPoint","urlTemplate":"https:\/\/partnercomagency.com\/?s={search_term_string}"},"query-input":"required name=search_term_string"}],"inLanguage":"es"},{"@type":"Organization","@id":"https:\/\/partnercomagency.com\/#organization","name":"Partnercom Agency","url":"https:\/\/partnercomagency.com\/","logo":{"@type":"ImageObject","inLanguage":"es","@id":"https:\/\/partnercomagency.com\/#\/schema\/logo\/image\/","url":"https:\/\/partnercomagency.com\/wp-content\/uploads\/2023\/05\/cropped-A-removebg-preview.png","contentUrl":"https:\/\/partnercomagency.com\/wp-content\/uploads\/2023\/05\/cropped-A-removebg-preview.png","width":500,"height":301,"caption":"Partnercom Agency"},"image":{"@id":"https:\/\/partnercomagency.com\/#\/schema\/logo\/image\/"}}]}},"_links":{"self":[{"href":"https:\/\/partnercomagency.com\/es\/wp-json\/wp\/v2\/pages\/393","targetHints":{"allow":["GET"]}}],"collection":[{"href":"https:\/\/partnercomagency.com\/es\/wp-json\/wp\/v2\/pages"}],"about":[{"href":"https:\/\/partnercomagency.com\/es\/wp-json\/wp\/v2\/types\/page"}],"author":[{"embeddable":true,"href":"https:\/\/partnercomagency.com\/es\/wp-json\/wp\/v2\/users\/1"}],"replies":[{"embeddable":true,"href":"https:\/\/partnercomagency.com\/es\/wp-json\/wp\/v2\/comments?post=393"}],"version-history":[{"count":35,"href":"https:\/\/partnercomagency.com\/es\/wp-json\/wp\/v2\/pages\/393\/revisions"}],"predecessor-version":[{"id":815,"href":"https:\/\/partnercomagency.com\/es\/wp-json\/wp\/v2\/pages\/393\/revisions\/815"}],"wp:attachment":[{"href":"https:\/\/partnercomagency.com\/es\/wp-json\/wp\/v2\/media?parent=393"}],"curies":[{"name":"wp","href":"https:\/\/api.w.org\/{rel}","templated":true}]}}